{"id":747,"date":"2025-12-10T14:04:13","date_gmt":"2025-12-10T14:04:13","guid":{"rendered":"http:\/\/wordpress1.imm.net\/?post_type=product&#038;p=747"},"modified":"2025-12-10T14:04:13","modified_gmt":"2025-12-10T14:04:13","slug":"taladro-litio-12v-dud1012ls","status":"publish","type":"product","link":"https:\/\/ducatigarden.co\/?product=taladro-litio-12v-dud1012ls","title":{"rendered":"Taladro Litio 12V DUD1012LS"},"content":{"rendered":"","protected":false},"excerpt":{"rendered":"<h3 class=\"sppb-addon-title\">Caracter\u00edsticas<\/h3>\n<div class=\"sppb-addon-content\">\n<ul>\n<li>Tipo: Con escobillas.<\/li>\n<li>Voltaje (V\/Hz): 12.<\/li>\n<li>R\u00e9gimen (rpm): 0-350 \/ 0-1300.<\/li>\n<li>Bater\u00eda (incluida): Li-ion 1,3 Ah.<\/li>\n<li>Capacidad de portabrocas (mm\/pulgada): 10 \/ 0,4.<\/li>\n<li>Velocidades mecanicas: 2.<\/li>\n<li>Velocidad variable: Gatillo progresivo.<\/li>\n<li>Inversor de giro: Si.<\/li>\n<li>Par m\u00e1ximo (Nm): 23.<\/li>\n<li>Regulaci\u00f3n par: 1-21.<\/li>\n<li>Portabrocas: Sin llave.<\/li>\n<li>Indicador de bater\u00eda: Si.<\/li>\n<li>Led frontales: Si.<\/li>\n<li>Dimensiones (mm): 270 x 70 x230.<\/li>\n<li>Peso: 3 Kg.<\/li>\n<\/ul>\n<\/div>\n","protected":false},"featured_media":748,"comment_status":"open","ping_status":"closed","template":"","meta":{"_eb_attr":"","_kad_post_transparent":"default","_kad_post_title":"","_kad_post_layout":"default","_kad_post_sidebar_id":"","_kad_post_content_style":"default","_kad_post_vertical_padding":"default","_kad_post_feature":"","_kad_post_feature_position":"","_kad_post_header":false,"_kad_post_footer":false,"_kad_post_classname":""},"product_brand":[],"product_cat":[28],"product_tag":[],"class_list":{"0":"post-747","1":"product","2":"type-product","3":"status-publish","4":"has-post-thumbnail","6":"product_cat-herramienta-electrica","8":"first","9":"instock","10":"shipping-taxable","11":"product-type-simple","12":"entry","13":"content-bg","14":"loop-entry"},"yoast_head":"<!-- This site is optimized with the Yoast SEO plugin v26.3 - https:\/\/yoast.com\/wordpress\/plugins\/seo\/ -->\n<title>Taladro Litio 12V DUD1012LS - Ducati<\/title>\n<meta name=\"robots\" content=\"index, follow, max-snippet:-1, max-image-preview:large, max-video-preview:-1\" \/>\n<link rel=\"canonical\" href=\"https:\/\/ducatigarden.co\/?product=taladro-litio-12v-dud1012ls\" \/>\n<meta property=\"og:locale\" content=\"es_ES\" \/>\n<meta property=\"og:type\" content=\"article\" \/>\n<meta property=\"og:title\" content=\"Taladro Litio 12V DUD1012LS - Ducati\" \/>\n<meta property=\"og:description\" content=\"Caracter\u00edsticas    Tipo: Con escobillas.  Voltaje (V\/Hz): 12.  R\u00e9gimen (rpm): 0-350 \/ 0-1300.  Bater\u00eda (incluida): Li-ion 1,3 Ah.  Capacidad de portabrocas (mm\/pulgada): 10 \/ 0,4.  Velocidades mecanicas: 2.  Velocidad variable: Gatillo progresivo.  Inversor de giro: Si.  Par m\u00e1ximo (Nm): 23.  Regulaci\u00f3n par: 1-21.  Portabrocas: Sin llave.  Indicador de bater\u00eda: Si.  Led frontales: Si.  Dimensiones (mm): 270 x 70 x230.  Peso: 3 Kg.\" \/>\n<meta property=\"og:url\" content=\"https:\/\/ducatigarden.co\/?product=taladro-litio-12v-dud1012ls\" \/>\n<meta property=\"og:site_name\" content=\"Ducati\" \/>\n<meta property=\"og:image\" content=\"https:\/\/ducatigarden.co\/wp-content\/uploads\/2025\/12\/taladro-a-bateria-dud1012ls-ducati.jpg\" \/>\n\t<meta property=\"og:image:width\" content=\"1654\" \/>\n\t<meta property=\"og:image:height\" content=\"1654\" \/>\n\t<meta property=\"og:image:type\" content=\"image\/jpeg\" \/>\n<meta name=\"twitter:card\" content=\"summary_large_image\" \/>\n<meta name=\"twitter:label1\" content=\"Tiempo de lectura\" \/>\n\t<meta name=\"twitter:data1\" content=\"1 minuto\" \/>\n<script type=\"application\/ld+json\" class=\"yoast-schema-graph\">{\"@context\":\"https:\/\/schema.org\",\"@graph\":[{\"@type\":\"WebPage\",\"@id\":\"https:\/\/ducatigarden.co\/?product=taladro-litio-12v-dud1012ls\",\"url\":\"https:\/\/ducatigarden.co\/?product=taladro-litio-12v-dud1012ls\",\"name\":\"Taladro Litio 12V DUD1012LS - Ducati\",\"isPartOf\":{\"@id\":\"https:\/\/ducatigarden.co\/#website\"},\"primaryImageOfPage\":{\"@id\":\"https:\/\/ducatigarden.co\/?product=taladro-litio-12v-dud1012ls#primaryimage\"},\"image\":{\"@id\":\"https:\/\/ducatigarden.co\/?product=taladro-litio-12v-dud1012ls#primaryimage\"},\"thumbnailUrl\":\"https:\/\/ducatigarden.co\/wp-content\/uploads\/2025\/12\/taladro-a-bateria-dud1012ls-ducati.jpg\",\"datePublished\":\"2025-12-10T14:04:13+00:00\",\"breadcrumb\":{\"@id\":\"https:\/\/ducatigarden.co\/?product=taladro-litio-12v-dud1012ls#breadcrumb\"},\"inLanguage\":\"es-CO\",\"potentialAction\":[{\"@type\":\"ReadAction\",\"target\":[\"https:\/\/ducatigarden.co\/?product=taladro-litio-12v-dud1012ls\"]}]},{\"@type\":\"ImageObject\",\"inLanguage\":\"es-CO\",\"@id\":\"https:\/\/ducatigarden.co\/?product=taladro-litio-12v-dud1012ls#primaryimage\",\"url\":\"https:\/\/ducatigarden.co\/wp-content\/uploads\/2025\/12\/taladro-a-bateria-dud1012ls-ducati.jpg\",\"contentUrl\":\"https:\/\/ducatigarden.co\/wp-content\/uploads\/2025\/12\/taladro-a-bateria-dud1012ls-ducati.jpg\",\"width\":1654,\"height\":1654},{\"@type\":\"BreadcrumbList\",\"@id\":\"https:\/\/ducatigarden.co\/?product=taladro-litio-12v-dud1012ls#breadcrumb\",\"itemListElement\":[{\"@type\":\"ListItem\",\"position\":1,\"name\":\"Home\",\"item\":\"https:\/\/ducatigarden.co\/\"},{\"@type\":\"ListItem\",\"position\":2,\"name\":\"Shop\",\"item\":\"https:\/\/ducatigarden.co\/?page_id=24\"},{\"@type\":\"ListItem\",\"position\":3,\"name\":\"Taladro Litio 12V DUD1012LS\"}]},{\"@type\":\"WebSite\",\"@id\":\"https:\/\/ducatigarden.co\/#website\",\"url\":\"https:\/\/ducatigarden.co\/\",\"name\":\"Ducati\",\"description\":\"\",\"publisher\":{\"@id\":\"https:\/\/ducatigarden.co\/#organization\"},\"potentialAction\":[{\"@type\":\"SearchAction\",\"target\":{\"@type\":\"EntryPoint\",\"urlTemplate\":\"https:\/\/ducatigarden.co\/?s={search_term_string}\"},\"query-input\":{\"@type\":\"PropertyValueSpecification\",\"valueRequired\":true,\"valueName\":\"search_term_string\"}}],\"inLanguage\":\"es-CO\"},{\"@type\":\"Organization\",\"@id\":\"https:\/\/ducatigarden.co\/#organization\",\"name\":\"Ducati\",\"url\":\"https:\/\/ducatigarden.co\/\",\"logo\":{\"@type\":\"ImageObject\",\"inLanguage\":\"es-CO\",\"@id\":\"https:\/\/ducatigarden.co\/#\/schema\/logo\/image\/\",\"url\":\"https:\/\/ducatigarden.co\/wp-content\/uploads\/2025\/11\/logo-dt.png\",\"contentUrl\":\"https:\/\/ducatigarden.co\/wp-content\/uploads\/2025\/11\/logo-dt.png\",\"width\":599,\"height\":162,\"caption\":\"Ducati\"},\"image\":{\"@id\":\"https:\/\/ducatigarden.co\/#\/schema\/logo\/image\/\"}}]}<\/script>\n<!-- \/ Yoast SEO plugin. -->","yoast_head_json":{"title":"Taladro Litio 12V DUD1012LS - Ducati","robots":{"index":"index","follow":"follow","max-snippet":"max-snippet:-1","max-image-preview":"max-image-preview:large","max-video-preview":"max-video-preview:-1"},"canonical":"https:\/\/ducatigarden.co\/?product=taladro-litio-12v-dud1012ls","og_locale":"es_ES","og_type":"article","og_title":"Taladro Litio 12V DUD1012LS - Ducati","og_description":"Caracter\u00edsticas    Tipo: Con escobillas.  Voltaje (V\/Hz): 12.  R\u00e9gimen (rpm): 0-350 \/ 0-1300.  Bater\u00eda (incluida): Li-ion 1,3 Ah.  Capacidad de portabrocas (mm\/pulgada): 10 \/ 0,4.  Velocidades mecanicas: 2.  Velocidad variable: Gatillo progresivo.  Inversor de giro: Si.  Par m\u00e1ximo (Nm): 23.  Regulaci\u00f3n par: 1-21.  Portabrocas: Sin llave.  Indicador de bater\u00eda: Si.  Led frontales: Si.  Dimensiones (mm): 270 x 70 x230.  Peso: 3 Kg.","og_url":"https:\/\/ducatigarden.co\/?product=taladro-litio-12v-dud1012ls","og_site_name":"Ducati","og_image":[{"width":1654,"height":1654,"url":"https:\/\/ducatigarden.co\/wp-content\/uploads\/2025\/12\/taladro-a-bateria-dud1012ls-ducati.jpg","type":"image\/jpeg"}],"twitter_card":"summary_large_image","twitter_misc":{"Tiempo de lectura":"1 minuto"},"schema":{"@context":"https:\/\/schema.org","@graph":[{"@type":"WebPage","@id":"https:\/\/ducatigarden.co\/?product=taladro-litio-12v-dud1012ls","url":"https:\/\/ducatigarden.co\/?product=taladro-litio-12v-dud1012ls","name":"Taladro Litio 12V DUD1012LS - Ducati","isPartOf":{"@id":"https:\/\/ducatigarden.co\/#website"},"primaryImageOfPage":{"@id":"https:\/\/ducatigarden.co\/?product=taladro-litio-12v-dud1012ls#primaryimage"},"image":{"@id":"https:\/\/ducatigarden.co\/?product=taladro-litio-12v-dud1012ls#primaryimage"},"thumbnailUrl":"https:\/\/ducatigarden.co\/wp-content\/uploads\/2025\/12\/taladro-a-bateria-dud1012ls-ducati.jpg","datePublished":"2025-12-10T14:04:13+00:00","breadcrumb":{"@id":"https:\/\/ducatigarden.co\/?product=taladro-litio-12v-dud1012ls#breadcrumb"},"inLanguage":"es-CO","potentialAction":[{"@type":"ReadAction","target":["https:\/\/ducatigarden.co\/?product=taladro-litio-12v-dud1012ls"]}]},{"@type":"ImageObject","inLanguage":"es-CO","@id":"https:\/\/ducatigarden.co\/?product=taladro-litio-12v-dud1012ls#primaryimage","url":"https:\/\/ducatigarden.co\/wp-content\/uploads\/2025\/12\/taladro-a-bateria-dud1012ls-ducati.jpg","contentUrl":"https:\/\/ducatigarden.co\/wp-content\/uploads\/2025\/12\/taladro-a-bateria-dud1012ls-ducati.jpg","width":1654,"height":1654},{"@type":"BreadcrumbList","@id":"https:\/\/ducatigarden.co\/?product=taladro-litio-12v-dud1012ls#breadcrumb","itemListElement":[{"@type":"ListItem","position":1,"name":"Home","item":"https:\/\/ducatigarden.co\/"},{"@type":"ListItem","position":2,"name":"Shop","item":"https:\/\/ducatigarden.co\/?page_id=24"},{"@type":"ListItem","position":3,"name":"Taladro Litio 12V DUD1012LS"}]},{"@type":"WebSite","@id":"https:\/\/ducatigarden.co\/#website","url":"https:\/\/ducatigarden.co\/","name":"Ducati","description":"","publisher":{"@id":"https:\/\/ducatigarden.co\/#organization"},"potentialAction":[{"@type":"SearchAction","target":{"@type":"EntryPoint","urlTemplate":"https:\/\/ducatigarden.co\/?s={search_term_string}"},"query-input":{"@type":"PropertyValueSpecification","valueRequired":true,"valueName":"search_term_string"}}],"inLanguage":"es-CO"},{"@type":"Organization","@id":"https:\/\/ducatigarden.co\/#organization","name":"Ducati","url":"https:\/\/ducatigarden.co\/","logo":{"@type":"ImageObject","inLanguage":"es-CO","@id":"https:\/\/ducatigarden.co\/#\/schema\/logo\/image\/","url":"https:\/\/ducatigarden.co\/wp-content\/uploads\/2025\/11\/logo-dt.png","contentUrl":"https:\/\/ducatigarden.co\/wp-content\/uploads\/2025\/11\/logo-dt.png","width":599,"height":162,"caption":"Ducati"},"image":{"@id":"https:\/\/ducatigarden.co\/#\/schema\/logo\/image\/"}}]}},"_links":{"self":[{"href":"https:\/\/ducatigarden.co\/index.php?rest_route=\/wp\/v2\/product\/747","targetHints":{"allow":["GET"]}}],"collection":[{"href":"https:\/\/ducatigarden.co\/index.php?rest_route=\/wp\/v2\/product"}],"about":[{"href":"https:\/\/ducatigarden.co\/index.php?rest_route=\/wp\/v2\/types\/product"}],"replies":[{"embeddable":true,"href":"https:\/\/ducatigarden.co\/index.php?rest_route=%2Fwp%2Fv2%2Fcomments&post=747"}],"wp:featuredmedia":[{"embeddable":true,"href":"https:\/\/ducatigarden.co\/index.php?rest_route=\/wp\/v2\/media\/748"}],"wp:attachment":[{"href":"https:\/\/ducatigarden.co\/index.php?rest_route=%2Fwp%2Fv2%2Fmedia&parent=747"}],"wp:term":[{"taxonomy":"product_brand","embeddable":true,"href":"https:\/\/ducatigarden.co\/index.php?rest_route=%2Fwp%2Fv2%2Fproduct_brand&post=747"},{"taxonomy":"product_cat","embeddable":true,"href":"https:\/\/ducatigarden.co\/index.php?rest_route=%2Fwp%2Fv2%2Fproduct_cat&post=747"},{"taxonomy":"product_tag","embeddable":true,"href":"https:\/\/ducatigarden.co\/index.php?rest_route=%2Fwp%2Fv2%2Fproduct_tag&post=747"}],"curies":[{"name":"wp","href":"https:\/\/api.w.org\/{rel}","templated":true}]}}