{"id":713,"date":"2025-12-10T13:33:59","date_gmt":"2025-12-10T13:33:59","guid":{"rendered":"http:\/\/wordpress1.imm.net\/?post_type=product&#038;p=713"},"modified":"2025-12-10T13:35:42","modified_gmt":"2025-12-10T13:35:42","slug":"planta-electrica-dgr8000es","status":"publish","type":"product","link":"https:\/\/ducatigarden.co\/?product=planta-electrica-dgr8000es","title":{"rendered":"Planta El\u00e9ctrica DGR8000ES"},"content":{"rendered":"","protected":false},"excerpt":{"rendered":"<h3 class=\"sppb-addon-title\">Caracter\u00edsticas<\/h3>\n<div class=\"sppb-addon-content\">\n<ul>\n<li>Potencia de motor:\u00a016 Hp.<\/li>\n<li>Dep\u00f3sito de combustible:\u00a030 L.<\/li>\n<li>Refrigeraci\u00f3n: Aire.<\/li>\n<li>Tipo de arranque: Manual y El\u00e9ctrico.<\/li>\n<li>Regulaci\u00f3n: AVR.<\/li>\n<li>Frecuencia: 60 Hz.<\/li>\n<li>Capacidad de aceite: 1,4 L.<\/li>\n<li>Fases: 2.<\/li>\n<li>Potencia continua: 7500 W.<\/li>\n<li>Potencia m\u00e1xima: 8000 W.<\/li>\n<li>Dimensiones (L * An * Al ):\u00a072 x 49 x 51 cm.<\/li>\n<li>Peso: 103 Kg.<\/li>\n<\/ul>\n<\/div>\n","protected":false},"featured_media":714,"comment_status":"open","ping_status":"closed","template":"","meta":{"_eb_attr":"","_kad_post_transparent":"default","_kad_post_title":"","_kad_post_layout":"default","_kad_post_sidebar_id":"","_kad_post_content_style":"default","_kad_post_vertical_padding":"default","_kad_post_feature":"","_kad_post_feature_position":"","_kad_post_header":false,"_kad_post_footer":false,"_kad_post_classname":""},"product_brand":[],"product_cat":[26],"product_tag":[],"class_list":{"0":"post-713","1":"product","2":"type-product","3":"status-publish","4":"has-post-thumbnail","6":"product_cat-plantas-electricas","8":"first","9":"instock","10":"shipping-taxable","11":"product-type-simple","12":"entry","13":"content-bg","14":"loop-entry"},"yoast_head":"<!-- This site is optimized with the Yoast SEO plugin v26.3 - https:\/\/yoast.com\/wordpress\/plugins\/seo\/ -->\n<title>Planta El\u00e9ctrica DGR8000ES - Ducati<\/title>\n<meta name=\"robots\" content=\"index, follow, max-snippet:-1, max-image-preview:large, max-video-preview:-1\" \/>\n<link rel=\"canonical\" href=\"https:\/\/ducatigarden.co\/?product=planta-electrica-dgr8000es\" \/>\n<meta property=\"og:locale\" content=\"es_ES\" \/>\n<meta property=\"og:type\" content=\"article\" \/>\n<meta property=\"og:title\" content=\"Planta El\u00e9ctrica DGR8000ES - Ducati\" \/>\n<meta property=\"og:description\" content=\"Caracter\u00edsticas    Potencia de motor:\u00a016 Hp.  Dep\u00f3sito de combustible:\u00a030 L.  Refrigeraci\u00f3n: Aire.  Tipo de arranque: Manual y El\u00e9ctrico.  Regulaci\u00f3n: AVR.  Frecuencia: 60 Hz.  Capacidad de aceite: 1,4 L.  Fases: 2.  Potencia continua: 7500 W.  Potencia m\u00e1xima: 8000 W.  Dimensiones (L * An * Al ):\u00a072 x 49 x 51 cm.  Peso: 103 Kg.\" \/>\n<meta property=\"og:url\" content=\"https:\/\/ducatigarden.co\/?product=planta-electrica-dgr8000es\" \/>\n<meta property=\"og:site_name\" content=\"Ducati\" \/>\n<meta property=\"article:modified_time\" content=\"2025-12-10T13:35:42+00:00\" \/>\n<meta property=\"og:image\" content=\"https:\/\/ducatigarden.co\/wp-content\/uploads\/2025\/12\/245effadf41c6129f4fe7accc564ef86_M.jpg\" \/>\n\t<meta property=\"og:image:width\" content=\"300\" \/>\n\t<meta property=\"og:image:height\" content=\"390\" \/>\n\t<meta property=\"og:image:type\" content=\"image\/jpeg\" \/>\n<meta name=\"twitter:card\" content=\"summary_large_image\" \/>\n<meta name=\"twitter:label1\" content=\"Tiempo de lectura\" \/>\n\t<meta name=\"twitter:data1\" content=\"1 minuto\" \/>\n<script type=\"application\/ld+json\" class=\"yoast-schema-graph\">{\"@context\":\"https:\/\/schema.org\",\"@graph\":[{\"@type\":\"WebPage\",\"@id\":\"https:\/\/ducatigarden.co\/?product=planta-electrica-dgr8000es\",\"url\":\"https:\/\/ducatigarden.co\/?product=planta-electrica-dgr8000es\",\"name\":\"Planta El\u00e9ctrica DGR8000ES - Ducati\",\"isPartOf\":{\"@id\":\"https:\/\/ducatigarden.co\/#website\"},\"primaryImageOfPage\":{\"@id\":\"https:\/\/ducatigarden.co\/?product=planta-electrica-dgr8000es#primaryimage\"},\"image\":{\"@id\":\"https:\/\/ducatigarden.co\/?product=planta-electrica-dgr8000es#primaryimage\"},\"thumbnailUrl\":\"https:\/\/ducatigarden.co\/wp-content\/uploads\/2025\/12\/245effadf41c6129f4fe7accc564ef86_M.jpg\",\"datePublished\":\"2025-12-10T13:33:59+00:00\",\"dateModified\":\"2025-12-10T13:35:42+00:00\",\"breadcrumb\":{\"@id\":\"https:\/\/ducatigarden.co\/?product=planta-electrica-dgr8000es#breadcrumb\"},\"inLanguage\":\"es-CO\",\"potentialAction\":[{\"@type\":\"ReadAction\",\"target\":[\"https:\/\/ducatigarden.co\/?product=planta-electrica-dgr8000es\"]}]},{\"@type\":\"ImageObject\",\"inLanguage\":\"es-CO\",\"@id\":\"https:\/\/ducatigarden.co\/?product=planta-electrica-dgr8000es#primaryimage\",\"url\":\"https:\/\/ducatigarden.co\/wp-content\/uploads\/2025\/12\/245effadf41c6129f4fe7accc564ef86_M.jpg\",\"contentUrl\":\"https:\/\/ducatigarden.co\/wp-content\/uploads\/2025\/12\/245effadf41c6129f4fe7accc564ef86_M.jpg\",\"width\":300,\"height\":390},{\"@type\":\"BreadcrumbList\",\"@id\":\"https:\/\/ducatigarden.co\/?product=planta-electrica-dgr8000es#breadcrumb\",\"itemListElement\":[{\"@type\":\"ListItem\",\"position\":1,\"name\":\"Home\",\"item\":\"https:\/\/ducatigarden.co\/\"},{\"@type\":\"ListItem\",\"position\":2,\"name\":\"Shop\",\"item\":\"https:\/\/ducatigarden.co\/?page_id=24\"},{\"@type\":\"ListItem\",\"position\":3,\"name\":\"Planta El\u00e9ctrica DGR8000ES\"}]},{\"@type\":\"WebSite\",\"@id\":\"https:\/\/ducatigarden.co\/#website\",\"url\":\"https:\/\/ducatigarden.co\/\",\"name\":\"Ducati\",\"description\":\"\",\"publisher\":{\"@id\":\"https:\/\/ducatigarden.co\/#organization\"},\"potentialAction\":[{\"@type\":\"SearchAction\",\"target\":{\"@type\":\"EntryPoint\",\"urlTemplate\":\"https:\/\/ducatigarden.co\/?s={search_term_string}\"},\"query-input\":{\"@type\":\"PropertyValueSpecification\",\"valueRequired\":true,\"valueName\":\"search_term_string\"}}],\"inLanguage\":\"es-CO\"},{\"@type\":\"Organization\",\"@id\":\"https:\/\/ducatigarden.co\/#organization\",\"name\":\"Ducati\",\"url\":\"https:\/\/ducatigarden.co\/\",\"logo\":{\"@type\":\"ImageObject\",\"inLanguage\":\"es-CO\",\"@id\":\"https:\/\/ducatigarden.co\/#\/schema\/logo\/image\/\",\"url\":\"https:\/\/ducatigarden.co\/wp-content\/uploads\/2025\/11\/logo-dt.png\",\"contentUrl\":\"https:\/\/ducatigarden.co\/wp-content\/uploads\/2025\/11\/logo-dt.png\",\"width\":599,\"height\":162,\"caption\":\"Ducati\"},\"image\":{\"@id\":\"https:\/\/ducatigarden.co\/#\/schema\/logo\/image\/\"}}]}<\/script>\n<!-- \/ Yoast SEO plugin. -->","yoast_head_json":{"title":"Planta El\u00e9ctrica DGR8000ES - Ducati","robots":{"index":"index","follow":"follow","max-snippet":"max-snippet:-1","max-image-preview":"max-image-preview:large","max-video-preview":"max-video-preview:-1"},"canonical":"https:\/\/ducatigarden.co\/?product=planta-electrica-dgr8000es","og_locale":"es_ES","og_type":"article","og_title":"Planta El\u00e9ctrica DGR8000ES - Ducati","og_description":"Caracter\u00edsticas    Potencia de motor:\u00a016 Hp.  Dep\u00f3sito de combustible:\u00a030 L.  Refrigeraci\u00f3n: Aire.  Tipo de arranque: Manual y El\u00e9ctrico.  Regulaci\u00f3n: AVR.  Frecuencia: 60 Hz.  Capacidad de aceite: 1,4 L.  Fases: 2.  Potencia continua: 7500 W.  Potencia m\u00e1xima: 8000 W.  Dimensiones (L * An * Al ):\u00a072 x 49 x 51 cm.  Peso: 103 Kg.","og_url":"https:\/\/ducatigarden.co\/?product=planta-electrica-dgr8000es","og_site_name":"Ducati","article_modified_time":"2025-12-10T13:35:42+00:00","og_image":[{"width":300,"height":390,"url":"https:\/\/ducatigarden.co\/wp-content\/uploads\/2025\/12\/245effadf41c6129f4fe7accc564ef86_M.jpg","type":"image\/jpeg"}],"twitter_card":"summary_large_image","twitter_misc":{"Tiempo de lectura":"1 minuto"},"schema":{"@context":"https:\/\/schema.org","@graph":[{"@type":"WebPage","@id":"https:\/\/ducatigarden.co\/?product=planta-electrica-dgr8000es","url":"https:\/\/ducatigarden.co\/?product=planta-electrica-dgr8000es","name":"Planta El\u00e9ctrica DGR8000ES - Ducati","isPartOf":{"@id":"https:\/\/ducatigarden.co\/#website"},"primaryImageOfPage":{"@id":"https:\/\/ducatigarden.co\/?product=planta-electrica-dgr8000es#primaryimage"},"image":{"@id":"https:\/\/ducatigarden.co\/?product=planta-electrica-dgr8000es#primaryimage"},"thumbnailUrl":"https:\/\/ducatigarden.co\/wp-content\/uploads\/2025\/12\/245effadf41c6129f4fe7accc564ef86_M.jpg","datePublished":"2025-12-10T13:33:59+00:00","dateModified":"2025-12-10T13:35:42+00:00","breadcrumb":{"@id":"https:\/\/ducatigarden.co\/?product=planta-electrica-dgr8000es#breadcrumb"},"inLanguage":"es-CO","potentialAction":[{"@type":"ReadAction","target":["https:\/\/ducatigarden.co\/?product=planta-electrica-dgr8000es"]}]},{"@type":"ImageObject","inLanguage":"es-CO","@id":"https:\/\/ducatigarden.co\/?product=planta-electrica-dgr8000es#primaryimage","url":"https:\/\/ducatigarden.co\/wp-content\/uploads\/2025\/12\/245effadf41c6129f4fe7accc564ef86_M.jpg","contentUrl":"https:\/\/ducatigarden.co\/wp-content\/uploads\/2025\/12\/245effadf41c6129f4fe7accc564ef86_M.jpg","width":300,"height":390},{"@type":"BreadcrumbList","@id":"https:\/\/ducatigarden.co\/?product=planta-electrica-dgr8000es#breadcrumb","itemListElement":[{"@type":"ListItem","position":1,"name":"Home","item":"https:\/\/ducatigarden.co\/"},{"@type":"ListItem","position":2,"name":"Shop","item":"https:\/\/ducatigarden.co\/?page_id=24"},{"@type":"ListItem","position":3,"name":"Planta El\u00e9ctrica DGR8000ES"}]},{"@type":"WebSite","@id":"https:\/\/ducatigarden.co\/#website","url":"https:\/\/ducatigarden.co\/","name":"Ducati","description":"","publisher":{"@id":"https:\/\/ducatigarden.co\/#organization"},"potentialAction":[{"@type":"SearchAction","target":{"@type":"EntryPoint","urlTemplate":"https:\/\/ducatigarden.co\/?s={search_term_string}"},"query-input":{"@type":"PropertyValueSpecification","valueRequired":true,"valueName":"search_term_string"}}],"inLanguage":"es-CO"},{"@type":"Organization","@id":"https:\/\/ducatigarden.co\/#organization","name":"Ducati","url":"https:\/\/ducatigarden.co\/","logo":{"@type":"ImageObject","inLanguage":"es-CO","@id":"https:\/\/ducatigarden.co\/#\/schema\/logo\/image\/","url":"https:\/\/ducatigarden.co\/wp-content\/uploads\/2025\/11\/logo-dt.png","contentUrl":"https:\/\/ducatigarden.co\/wp-content\/uploads\/2025\/11\/logo-dt.png","width":599,"height":162,"caption":"Ducati"},"image":{"@id":"https:\/\/ducatigarden.co\/#\/schema\/logo\/image\/"}}]}},"_links":{"self":[{"href":"https:\/\/ducatigarden.co\/index.php?rest_route=\/wp\/v2\/product\/713","targetHints":{"allow":["GET"]}}],"collection":[{"href":"https:\/\/ducatigarden.co\/index.php?rest_route=\/wp\/v2\/product"}],"about":[{"href":"https:\/\/ducatigarden.co\/index.php?rest_route=\/wp\/v2\/types\/product"}],"replies":[{"embeddable":true,"href":"https:\/\/ducatigarden.co\/index.php?rest_route=%2Fwp%2Fv2%2Fcomments&post=713"}],"wp:featuredmedia":[{"embeddable":true,"href":"https:\/\/ducatigarden.co\/index.php?rest_route=\/wp\/v2\/media\/714"}],"wp:attachment":[{"href":"https:\/\/ducatigarden.co\/index.php?rest_route=%2Fwp%2Fv2%2Fmedia&parent=713"}],"wp:term":[{"taxonomy":"product_brand","embeddable":true,"href":"https:\/\/ducatigarden.co\/index.php?rest_route=%2Fwp%2Fv2%2Fproduct_brand&post=713"},{"taxonomy":"product_cat","embeddable":true,"href":"https:\/\/ducatigarden.co\/index.php?rest_route=%2Fwp%2Fv2%2Fproduct_cat&post=713"},{"taxonomy":"product_tag","embeddable":true,"href":"https:\/\/ducatigarden.co\/index.php?rest_route=%2Fwp%2Fv2%2Fproduct_tag&post=713"}],"curies":[{"name":"wp","href":"https:\/\/api.w.org\/{rel}","templated":true}]}}