{"id":710,"date":"2025-12-10T13:32:09","date_gmt":"2025-12-10T13:32:09","guid":{"rendered":"http:\/\/wordpress1.imm.net\/?post_type=product&#038;p=710"},"modified":"2026-05-03T13:42:36","modified_gmt":"2026-05-03T13:42:36","slug":"planta-electrica-dgr2300is","status":"publish","type":"product","link":"https:\/\/ducatigarden.co\/?product=planta-electrica-dgr2300is","title":{"rendered":"Planta El\u00e9ctrica DGR2300IS"},"content":{"rendered":"","protected":false},"excerpt":{"rendered":"<h3 class=\"sppb-addon-title\">Caracter\u00edsticas<\/h3>\n<div class=\"sppb-addon-content\">\n<ul>\n<li>Combustible: Gasolina<\/li>\n<li>Potencia: 3,0 Hp<\/li>\n<li>Refrigeraci\u00f3n: Aire<\/li>\n<li>Tipo de arranque: Retr\u00e1ctil<\/li>\n<li>Frecuencia: 60 Hz<\/li>\n<li>Potencia M\u00e1xima: 2000W<\/li>\n<li>Potencia Continua: 18000W<\/li>\n<li>Voltaje 110V<\/li>\n<li>Regulaci\u00f3n: Inversora<\/li>\n<li>Salida de Corriente: 16,4 Amp<\/li>\n<li>Dimensiones<\/li>\n<li>Medidas (Alto x Largo x Ancho): 50,0 cm x 51,0 cm x 34,5 cm<\/li>\n<li>Peso: 21 Kg<\/li>\n<\/ul>\n<\/div>\n","protected":false},"featured_media":711,"comment_status":"open","ping_status":"closed","template":"","meta":{"_eb_attr":"","_kad_post_transparent":"default","_kad_post_title":"","_kad_post_layout":"default","_kad_post_sidebar_id":"","_kad_post_content_style":"default","_kad_post_vertical_padding":"default","_kad_post_feature":"","_kad_post_feature_position":"","_kad_post_header":false,"_kad_post_footer":false,"_kad_post_classname":""},"product_brand":[],"product_cat":[26],"product_tag":[],"class_list":{"0":"post-710","1":"product","2":"type-product","3":"status-publish","4":"has-post-thumbnail","6":"product_cat-plantas-electricas","8":"first","9":"instock","10":"shipping-taxable","11":"product-type-simple","12":"entry","13":"content-bg","14":"loop-entry"},"yoast_head":"<!-- This site is optimized with the Yoast SEO plugin v26.3 - https:\/\/yoast.com\/wordpress\/plugins\/seo\/ -->\n<title>Planta El\u00e9ctrica DGR2300IS - Ducati<\/title>\n<meta name=\"robots\" content=\"index, follow, max-snippet:-1, max-image-preview:large, max-video-preview:-1\" \/>\n<link rel=\"canonical\" href=\"https:\/\/ducatigarden.co\/?product=planta-electrica-dgr2300is\" \/>\n<meta property=\"og:locale\" content=\"es_ES\" \/>\n<meta property=\"og:type\" content=\"article\" \/>\n<meta property=\"og:title\" content=\"Planta El\u00e9ctrica DGR2300IS - Ducati\" \/>\n<meta property=\"og:description\" content=\"Caracter\u00edsticas    Combustible: Gasolina  Potencia: 3,0 Hp  Refrigeraci\u00f3n: Aire  Tipo de arranque: Retr\u00e1ctil  Frecuencia: 60 Hz  Potencia M\u00e1xima: 2000W  Potencia Continua: 18000W  Voltaje 110V  Regulaci\u00f3n: Inversora  Salida de Corriente: 16,4 Amp  Dimensiones  Medidas (Alto x Largo x Ancho): 50,0 cm x 51,0 cm x 34,5 cm  Peso: 21 Kg\" \/>\n<meta property=\"og:url\" content=\"https:\/\/ducatigarden.co\/?product=planta-electrica-dgr2300is\" \/>\n<meta property=\"og:site_name\" content=\"Ducati\" \/>\n<meta property=\"article:modified_time\" content=\"2026-05-03T13:42:36+00:00\" \/>\n<meta property=\"og:image\" content=\"https:\/\/ducatigarden.co\/wp-content\/uploads\/2025\/12\/5483e331a9bace540b3a2478fc014e25_M.jpg\" \/>\n\t<meta property=\"og:image:width\" content=\"300\" \/>\n\t<meta property=\"og:image:height\" content=\"390\" \/>\n\t<meta property=\"og:image:type\" content=\"image\/jpeg\" \/>\n<meta name=\"twitter:card\" content=\"summary_large_image\" \/>\n<meta name=\"twitter:label1\" content=\"Tiempo de lectura\" \/>\n\t<meta name=\"twitter:data1\" content=\"1 minuto\" \/>\n<script type=\"application\/ld+json\" class=\"yoast-schema-graph\">{\"@context\":\"https:\/\/schema.org\",\"@graph\":[{\"@type\":\"WebPage\",\"@id\":\"https:\/\/ducatigarden.co\/?product=planta-electrica-dgr2300is\",\"url\":\"https:\/\/ducatigarden.co\/?product=planta-electrica-dgr2300is\",\"name\":\"Planta El\u00e9ctrica DGR2300IS - Ducati\",\"isPartOf\":{\"@id\":\"https:\/\/ducatigarden.co\/#website\"},\"primaryImageOfPage\":{\"@id\":\"https:\/\/ducatigarden.co\/?product=planta-electrica-dgr2300is#primaryimage\"},\"image\":{\"@id\":\"https:\/\/ducatigarden.co\/?product=planta-electrica-dgr2300is#primaryimage\"},\"thumbnailUrl\":\"https:\/\/ducatigarden.co\/wp-content\/uploads\/2025\/12\/5483e331a9bace540b3a2478fc014e25_M.jpg\",\"datePublished\":\"2025-12-10T13:32:09+00:00\",\"dateModified\":\"2026-05-03T13:42:36+00:00\",\"breadcrumb\":{\"@id\":\"https:\/\/ducatigarden.co\/?product=planta-electrica-dgr2300is#breadcrumb\"},\"inLanguage\":\"es-CO\",\"potentialAction\":[{\"@type\":\"ReadAction\",\"target\":[\"https:\/\/ducatigarden.co\/?product=planta-electrica-dgr2300is\"]}]},{\"@type\":\"ImageObject\",\"inLanguage\":\"es-CO\",\"@id\":\"https:\/\/ducatigarden.co\/?product=planta-electrica-dgr2300is#primaryimage\",\"url\":\"https:\/\/ducatigarden.co\/wp-content\/uploads\/2025\/12\/5483e331a9bace540b3a2478fc014e25_M.jpg\",\"contentUrl\":\"https:\/\/ducatigarden.co\/wp-content\/uploads\/2025\/12\/5483e331a9bace540b3a2478fc014e25_M.jpg\",\"width\":300,\"height\":390},{\"@type\":\"BreadcrumbList\",\"@id\":\"https:\/\/ducatigarden.co\/?product=planta-electrica-dgr2300is#breadcrumb\",\"itemListElement\":[{\"@type\":\"ListItem\",\"position\":1,\"name\":\"Home\",\"item\":\"https:\/\/ducatigarden.co\/\"},{\"@type\":\"ListItem\",\"position\":2,\"name\":\"Shop\",\"item\":\"https:\/\/ducatigarden.co\/?page_id=24\"},{\"@type\":\"ListItem\",\"position\":3,\"name\":\"Planta El\u00e9ctrica DGR2300IS\"}]},{\"@type\":\"WebSite\",\"@id\":\"https:\/\/ducatigarden.co\/#website\",\"url\":\"https:\/\/ducatigarden.co\/\",\"name\":\"Ducati\",\"description\":\"\",\"publisher\":{\"@id\":\"https:\/\/ducatigarden.co\/#organization\"},\"potentialAction\":[{\"@type\":\"SearchAction\",\"target\":{\"@type\":\"EntryPoint\",\"urlTemplate\":\"https:\/\/ducatigarden.co\/?s={search_term_string}\"},\"query-input\":{\"@type\":\"PropertyValueSpecification\",\"valueRequired\":true,\"valueName\":\"search_term_string\"}}],\"inLanguage\":\"es-CO\"},{\"@type\":\"Organization\",\"@id\":\"https:\/\/ducatigarden.co\/#organization\",\"name\":\"Ducati\",\"url\":\"https:\/\/ducatigarden.co\/\",\"logo\":{\"@type\":\"ImageObject\",\"inLanguage\":\"es-CO\",\"@id\":\"https:\/\/ducatigarden.co\/#\/schema\/logo\/image\/\",\"url\":\"https:\/\/ducatigarden.co\/wp-content\/uploads\/2025\/11\/logo-dt.png\",\"contentUrl\":\"https:\/\/ducatigarden.co\/wp-content\/uploads\/2025\/11\/logo-dt.png\",\"width\":599,\"height\":162,\"caption\":\"Ducati\"},\"image\":{\"@id\":\"https:\/\/ducatigarden.co\/#\/schema\/logo\/image\/\"}}]}<\/script>\n<!-- \/ Yoast SEO plugin. -->","yoast_head_json":{"title":"Planta El\u00e9ctrica DGR2300IS - Ducati","robots":{"index":"index","follow":"follow","max-snippet":"max-snippet:-1","max-image-preview":"max-image-preview:large","max-video-preview":"max-video-preview:-1"},"canonical":"https:\/\/ducatigarden.co\/?product=planta-electrica-dgr2300is","og_locale":"es_ES","og_type":"article","og_title":"Planta El\u00e9ctrica DGR2300IS - Ducati","og_description":"Caracter\u00edsticas    Combustible: Gasolina  Potencia: 3,0 Hp  Refrigeraci\u00f3n: Aire  Tipo de arranque: Retr\u00e1ctil  Frecuencia: 60 Hz  Potencia M\u00e1xima: 2000W  Potencia Continua: 18000W  Voltaje 110V  Regulaci\u00f3n: Inversora  Salida de Corriente: 16,4 Amp  Dimensiones  Medidas (Alto x Largo x Ancho): 50,0 cm x 51,0 cm x 34,5 cm  Peso: 21 Kg","og_url":"https:\/\/ducatigarden.co\/?product=planta-electrica-dgr2300is","og_site_name":"Ducati","article_modified_time":"2026-05-03T13:42:36+00:00","og_image":[{"width":300,"height":390,"url":"https:\/\/ducatigarden.co\/wp-content\/uploads\/2025\/12\/5483e331a9bace540b3a2478fc014e25_M.jpg","type":"image\/jpeg"}],"twitter_card":"summary_large_image","twitter_misc":{"Tiempo de lectura":"1 minuto"},"schema":{"@context":"https:\/\/schema.org","@graph":[{"@type":"WebPage","@id":"https:\/\/ducatigarden.co\/?product=planta-electrica-dgr2300is","url":"https:\/\/ducatigarden.co\/?product=planta-electrica-dgr2300is","name":"Planta El\u00e9ctrica DGR2300IS - Ducati","isPartOf":{"@id":"https:\/\/ducatigarden.co\/#website"},"primaryImageOfPage":{"@id":"https:\/\/ducatigarden.co\/?product=planta-electrica-dgr2300is#primaryimage"},"image":{"@id":"https:\/\/ducatigarden.co\/?product=planta-electrica-dgr2300is#primaryimage"},"thumbnailUrl":"https:\/\/ducatigarden.co\/wp-content\/uploads\/2025\/12\/5483e331a9bace540b3a2478fc014e25_M.jpg","datePublished":"2025-12-10T13:32:09+00:00","dateModified":"2026-05-03T13:42:36+00:00","breadcrumb":{"@id":"https:\/\/ducatigarden.co\/?product=planta-electrica-dgr2300is#breadcrumb"},"inLanguage":"es-CO","potentialAction":[{"@type":"ReadAction","target":["https:\/\/ducatigarden.co\/?product=planta-electrica-dgr2300is"]}]},{"@type":"ImageObject","inLanguage":"es-CO","@id":"https:\/\/ducatigarden.co\/?product=planta-electrica-dgr2300is#primaryimage","url":"https:\/\/ducatigarden.co\/wp-content\/uploads\/2025\/12\/5483e331a9bace540b3a2478fc014e25_M.jpg","contentUrl":"https:\/\/ducatigarden.co\/wp-content\/uploads\/2025\/12\/5483e331a9bace540b3a2478fc014e25_M.jpg","width":300,"height":390},{"@type":"BreadcrumbList","@id":"https:\/\/ducatigarden.co\/?product=planta-electrica-dgr2300is#breadcrumb","itemListElement":[{"@type":"ListItem","position":1,"name":"Home","item":"https:\/\/ducatigarden.co\/"},{"@type":"ListItem","position":2,"name":"Shop","item":"https:\/\/ducatigarden.co\/?page_id=24"},{"@type":"ListItem","position":3,"name":"Planta El\u00e9ctrica DGR2300IS"}]},{"@type":"WebSite","@id":"https:\/\/ducatigarden.co\/#website","url":"https:\/\/ducatigarden.co\/","name":"Ducati","description":"","publisher":{"@id":"https:\/\/ducatigarden.co\/#organization"},"potentialAction":[{"@type":"SearchAction","target":{"@type":"EntryPoint","urlTemplate":"https:\/\/ducatigarden.co\/?s={search_term_string}"},"query-input":{"@type":"PropertyValueSpecification","valueRequired":true,"valueName":"search_term_string"}}],"inLanguage":"es-CO"},{"@type":"Organization","@id":"https:\/\/ducatigarden.co\/#organization","name":"Ducati","url":"https:\/\/ducatigarden.co\/","logo":{"@type":"ImageObject","inLanguage":"es-CO","@id":"https:\/\/ducatigarden.co\/#\/schema\/logo\/image\/","url":"https:\/\/ducatigarden.co\/wp-content\/uploads\/2025\/11\/logo-dt.png","contentUrl":"https:\/\/ducatigarden.co\/wp-content\/uploads\/2025\/11\/logo-dt.png","width":599,"height":162,"caption":"Ducati"},"image":{"@id":"https:\/\/ducatigarden.co\/#\/schema\/logo\/image\/"}}]}},"_links":{"self":[{"href":"https:\/\/ducatigarden.co\/index.php?rest_route=\/wp\/v2\/product\/710","targetHints":{"allow":["GET"]}}],"collection":[{"href":"https:\/\/ducatigarden.co\/index.php?rest_route=\/wp\/v2\/product"}],"about":[{"href":"https:\/\/ducatigarden.co\/index.php?rest_route=\/wp\/v2\/types\/product"}],"replies":[{"embeddable":true,"href":"https:\/\/ducatigarden.co\/index.php?rest_route=%2Fwp%2Fv2%2Fcomments&post=710"}],"wp:featuredmedia":[{"embeddable":true,"href":"https:\/\/ducatigarden.co\/index.php?rest_route=\/wp\/v2\/media\/711"}],"wp:attachment":[{"href":"https:\/\/ducatigarden.co\/index.php?rest_route=%2Fwp%2Fv2%2Fmedia&parent=710"}],"wp:term":[{"taxonomy":"product_brand","embeddable":true,"href":"https:\/\/ducatigarden.co\/index.php?rest_route=%2Fwp%2Fv2%2Fproduct_brand&post=710"},{"taxonomy":"product_cat","embeddable":true,"href":"https:\/\/ducatigarden.co\/index.php?rest_route=%2Fwp%2Fv2%2Fproduct_cat&post=710"},{"taxonomy":"product_tag","embeddable":true,"href":"https:\/\/ducatigarden.co\/index.php?rest_route=%2Fwp%2Fv2%2Fproduct_tag&post=710"}],"curies":[{"name":"wp","href":"https:\/\/api.w.org\/{rel}","templated":true}]}}