{"id":622,"date":"2025-12-09T14:57:26","date_gmt":"2025-12-09T14:57:26","guid":{"rendered":"http:\/\/wordpress1.imm.net\/?post_type=product&#038;p=622"},"modified":"2025-12-09T14:59:01","modified_gmt":"2025-12-09T14:59:01","slug":"barra-segadora-9211006s","status":"publish","type":"product","link":"https:\/\/ducatigarden.co\/?product=barra-segadora-9211006s","title":{"rendered":"Barra Segadora 9211006S"},"content":{"rendered":"","protected":false},"excerpt":{"rendered":"<h3 class=\"sppb-addon-title\">Caracter\u00edsticas<\/h3>\n<div class=\"sppb-addon-content\">\n<ul>\n<li>Potencia m\u00ednima requerida: 7hp.<\/li>\n<li>Ancho de corte: 105 cm.<\/li>\n<li>Gu\u00edas: De serie.<\/li>\n<li>Altura de corte: 10 cm.<\/li>\n<li>Transmisi\u00f3n: Aceite.<\/li>\n<li>N\u00famero de cuchillas: 18.<\/li>\n<li>N\u00famero de contracuchillas: 19.<\/li>\n<li>Tipo de Acople: Toma Fuerza.<\/li>\n<li>Dimensiones (L * Al * An): 95 x 45 x 82 cm.<\/li>\n<\/ul>\n<\/div>\n","protected":false},"featured_media":623,"comment_status":"open","ping_status":"closed","template":"","meta":{"_eb_attr":"","_kad_post_transparent":"default","_kad_post_title":"","_kad_post_layout":"default","_kad_post_sidebar_id":"","_kad_post_content_style":"default","_kad_post_vertical_padding":"default","_kad_post_feature":"","_kad_post_feature_position":"","_kad_post_header":false,"_kad_post_footer":false,"_kad_post_classname":""},"product_brand":[],"product_cat":[25],"product_tag":[],"class_list":{"0":"post-622","1":"product","2":"type-product","3":"status-publish","4":"has-post-thumbnail","6":"product_cat-implementos-para-motoazadas","8":"first","9":"instock","10":"shipping-taxable","11":"product-type-simple","12":"entry","13":"content-bg","14":"loop-entry"},"yoast_head":"<!-- This site is optimized with the Yoast SEO plugin v26.3 - https:\/\/yoast.com\/wordpress\/plugins\/seo\/ -->\n<title>Barra Segadora 9211006S - Ducati<\/title>\n<meta name=\"robots\" content=\"index, follow, max-snippet:-1, max-image-preview:large, max-video-preview:-1\" \/>\n<link rel=\"canonical\" href=\"https:\/\/ducatigarden.co\/?product=barra-segadora-9211006s\" \/>\n<meta property=\"og:locale\" content=\"es_ES\" \/>\n<meta property=\"og:type\" content=\"article\" \/>\n<meta property=\"og:title\" content=\"Barra Segadora 9211006S - Ducati\" \/>\n<meta property=\"og:description\" content=\"Caracter\u00edsticas    Potencia m\u00ednima requerida: 7hp.  Ancho de corte: 105 cm.  Gu\u00edas: De serie.  Altura de corte: 10 cm.  Transmisi\u00f3n: Aceite.  N\u00famero de cuchillas: 18.  N\u00famero de contracuchillas: 19.  Tipo de Acople: Toma Fuerza.  Dimensiones (L * Al * An): 95 x 45 x 82 cm.\" \/>\n<meta property=\"og:url\" content=\"https:\/\/ducatigarden.co\/?product=barra-segadora-9211006s\" \/>\n<meta property=\"og:site_name\" content=\"Ducati\" \/>\n<meta property=\"article:modified_time\" content=\"2025-12-09T14:59:01+00:00\" \/>\n<meta property=\"og:image\" content=\"https:\/\/ducatigarden.co\/wp-content\/uploads\/2025\/12\/9211006S-BARRA-SEGADORA.png\" \/>\n\t<meta property=\"og:image:width\" content=\"500\" \/>\n\t<meta property=\"og:image:height\" content=\"650\" \/>\n\t<meta property=\"og:image:type\" content=\"image\/png\" \/>\n<meta name=\"twitter:card\" content=\"summary_large_image\" \/>\n<meta name=\"twitter:label1\" content=\"Tiempo de lectura\" \/>\n\t<meta name=\"twitter:data1\" content=\"1 minuto\" \/>\n<script type=\"application\/ld+json\" class=\"yoast-schema-graph\">{\"@context\":\"https:\/\/schema.org\",\"@graph\":[{\"@type\":\"WebPage\",\"@id\":\"https:\/\/ducatigarden.co\/?product=barra-segadora-9211006s\",\"url\":\"https:\/\/ducatigarden.co\/?product=barra-segadora-9211006s\",\"name\":\"Barra Segadora 9211006S - Ducati\",\"isPartOf\":{\"@id\":\"https:\/\/ducatigarden.co\/#website\"},\"primaryImageOfPage\":{\"@id\":\"https:\/\/ducatigarden.co\/?product=barra-segadora-9211006s#primaryimage\"},\"image\":{\"@id\":\"https:\/\/ducatigarden.co\/?product=barra-segadora-9211006s#primaryimage\"},\"thumbnailUrl\":\"https:\/\/ducatigarden.co\/wp-content\/uploads\/2025\/12\/9211006S-BARRA-SEGADORA.png\",\"datePublished\":\"2025-12-09T14:57:26+00:00\",\"dateModified\":\"2025-12-09T14:59:01+00:00\",\"breadcrumb\":{\"@id\":\"https:\/\/ducatigarden.co\/?product=barra-segadora-9211006s#breadcrumb\"},\"inLanguage\":\"es-CO\",\"potentialAction\":[{\"@type\":\"ReadAction\",\"target\":[\"https:\/\/ducatigarden.co\/?product=barra-segadora-9211006s\"]}]},{\"@type\":\"ImageObject\",\"inLanguage\":\"es-CO\",\"@id\":\"https:\/\/ducatigarden.co\/?product=barra-segadora-9211006s#primaryimage\",\"url\":\"https:\/\/ducatigarden.co\/wp-content\/uploads\/2025\/12\/9211006S-BARRA-SEGADORA.png\",\"contentUrl\":\"https:\/\/ducatigarden.co\/wp-content\/uploads\/2025\/12\/9211006S-BARRA-SEGADORA.png\",\"width\":500,\"height\":650},{\"@type\":\"BreadcrumbList\",\"@id\":\"https:\/\/ducatigarden.co\/?product=barra-segadora-9211006s#breadcrumb\",\"itemListElement\":[{\"@type\":\"ListItem\",\"position\":1,\"name\":\"Home\",\"item\":\"https:\/\/ducatigarden.co\/\"},{\"@type\":\"ListItem\",\"position\":2,\"name\":\"Shop\",\"item\":\"https:\/\/ducatigarden.co\/?page_id=24\"},{\"@type\":\"ListItem\",\"position\":3,\"name\":\"Barra Segadora 9211006S\"}]},{\"@type\":\"WebSite\",\"@id\":\"https:\/\/ducatigarden.co\/#website\",\"url\":\"https:\/\/ducatigarden.co\/\",\"name\":\"Ducati\",\"description\":\"\",\"publisher\":{\"@id\":\"https:\/\/ducatigarden.co\/#organization\"},\"potentialAction\":[{\"@type\":\"SearchAction\",\"target\":{\"@type\":\"EntryPoint\",\"urlTemplate\":\"https:\/\/ducatigarden.co\/?s={search_term_string}\"},\"query-input\":{\"@type\":\"PropertyValueSpecification\",\"valueRequired\":true,\"valueName\":\"search_term_string\"}}],\"inLanguage\":\"es-CO\"},{\"@type\":\"Organization\",\"@id\":\"https:\/\/ducatigarden.co\/#organization\",\"name\":\"Ducati\",\"url\":\"https:\/\/ducatigarden.co\/\",\"logo\":{\"@type\":\"ImageObject\",\"inLanguage\":\"es-CO\",\"@id\":\"https:\/\/ducatigarden.co\/#\/schema\/logo\/image\/\",\"url\":\"https:\/\/ducatigarden.co\/wp-content\/uploads\/2025\/11\/logo-dt.png\",\"contentUrl\":\"https:\/\/ducatigarden.co\/wp-content\/uploads\/2025\/11\/logo-dt.png\",\"width\":599,\"height\":162,\"caption\":\"Ducati\"},\"image\":{\"@id\":\"https:\/\/ducatigarden.co\/#\/schema\/logo\/image\/\"}}]}<\/script>\n<!-- \/ Yoast SEO plugin. -->","yoast_head_json":{"title":"Barra Segadora 9211006S - Ducati","robots":{"index":"index","follow":"follow","max-snippet":"max-snippet:-1","max-image-preview":"max-image-preview:large","max-video-preview":"max-video-preview:-1"},"canonical":"https:\/\/ducatigarden.co\/?product=barra-segadora-9211006s","og_locale":"es_ES","og_type":"article","og_title":"Barra Segadora 9211006S - Ducati","og_description":"Caracter\u00edsticas    Potencia m\u00ednima requerida: 7hp.  Ancho de corte: 105 cm.  Gu\u00edas: De serie.  Altura de corte: 10 cm.  Transmisi\u00f3n: Aceite.  N\u00famero de cuchillas: 18.  N\u00famero de contracuchillas: 19.  Tipo de Acople: Toma Fuerza.  Dimensiones (L * Al * An): 95 x 45 x 82 cm.","og_url":"https:\/\/ducatigarden.co\/?product=barra-segadora-9211006s","og_site_name":"Ducati","article_modified_time":"2025-12-09T14:59:01+00:00","og_image":[{"width":500,"height":650,"url":"https:\/\/ducatigarden.co\/wp-content\/uploads\/2025\/12\/9211006S-BARRA-SEGADORA.png","type":"image\/png"}],"twitter_card":"summary_large_image","twitter_misc":{"Tiempo de lectura":"1 minuto"},"schema":{"@context":"https:\/\/schema.org","@graph":[{"@type":"WebPage","@id":"https:\/\/ducatigarden.co\/?product=barra-segadora-9211006s","url":"https:\/\/ducatigarden.co\/?product=barra-segadora-9211006s","name":"Barra Segadora 9211006S - Ducati","isPartOf":{"@id":"https:\/\/ducatigarden.co\/#website"},"primaryImageOfPage":{"@id":"https:\/\/ducatigarden.co\/?product=barra-segadora-9211006s#primaryimage"},"image":{"@id":"https:\/\/ducatigarden.co\/?product=barra-segadora-9211006s#primaryimage"},"thumbnailUrl":"https:\/\/ducatigarden.co\/wp-content\/uploads\/2025\/12\/9211006S-BARRA-SEGADORA.png","datePublished":"2025-12-09T14:57:26+00:00","dateModified":"2025-12-09T14:59:01+00:00","breadcrumb":{"@id":"https:\/\/ducatigarden.co\/?product=barra-segadora-9211006s#breadcrumb"},"inLanguage":"es-CO","potentialAction":[{"@type":"ReadAction","target":["https:\/\/ducatigarden.co\/?product=barra-segadora-9211006s"]}]},{"@type":"ImageObject","inLanguage":"es-CO","@id":"https:\/\/ducatigarden.co\/?product=barra-segadora-9211006s#primaryimage","url":"https:\/\/ducatigarden.co\/wp-content\/uploads\/2025\/12\/9211006S-BARRA-SEGADORA.png","contentUrl":"https:\/\/ducatigarden.co\/wp-content\/uploads\/2025\/12\/9211006S-BARRA-SEGADORA.png","width":500,"height":650},{"@type":"BreadcrumbList","@id":"https:\/\/ducatigarden.co\/?product=barra-segadora-9211006s#breadcrumb","itemListElement":[{"@type":"ListItem","position":1,"name":"Home","item":"https:\/\/ducatigarden.co\/"},{"@type":"ListItem","position":2,"name":"Shop","item":"https:\/\/ducatigarden.co\/?page_id=24"},{"@type":"ListItem","position":3,"name":"Barra Segadora 9211006S"}]},{"@type":"WebSite","@id":"https:\/\/ducatigarden.co\/#website","url":"https:\/\/ducatigarden.co\/","name":"Ducati","description":"","publisher":{"@id":"https:\/\/ducatigarden.co\/#organization"},"potentialAction":[{"@type":"SearchAction","target":{"@type":"EntryPoint","urlTemplate":"https:\/\/ducatigarden.co\/?s={search_term_string}"},"query-input":{"@type":"PropertyValueSpecification","valueRequired":true,"valueName":"search_term_string"}}],"inLanguage":"es-CO"},{"@type":"Organization","@id":"https:\/\/ducatigarden.co\/#organization","name":"Ducati","url":"https:\/\/ducatigarden.co\/","logo":{"@type":"ImageObject","inLanguage":"es-CO","@id":"https:\/\/ducatigarden.co\/#\/schema\/logo\/image\/","url":"https:\/\/ducatigarden.co\/wp-content\/uploads\/2025\/11\/logo-dt.png","contentUrl":"https:\/\/ducatigarden.co\/wp-content\/uploads\/2025\/11\/logo-dt.png","width":599,"height":162,"caption":"Ducati"},"image":{"@id":"https:\/\/ducatigarden.co\/#\/schema\/logo\/image\/"}}]}},"_links":{"self":[{"href":"https:\/\/ducatigarden.co\/index.php?rest_route=\/wp\/v2\/product\/622","targetHints":{"allow":["GET"]}}],"collection":[{"href":"https:\/\/ducatigarden.co\/index.php?rest_route=\/wp\/v2\/product"}],"about":[{"href":"https:\/\/ducatigarden.co\/index.php?rest_route=\/wp\/v2\/types\/product"}],"replies":[{"embeddable":true,"href":"https:\/\/ducatigarden.co\/index.php?rest_route=%2Fwp%2Fv2%2Fcomments&post=622"}],"wp:featuredmedia":[{"embeddable":true,"href":"https:\/\/ducatigarden.co\/index.php?rest_route=\/wp\/v2\/media\/623"}],"wp:attachment":[{"href":"https:\/\/ducatigarden.co\/index.php?rest_route=%2Fwp%2Fv2%2Fmedia&parent=622"}],"wp:term":[{"taxonomy":"product_brand","embeddable":true,"href":"https:\/\/ducatigarden.co\/index.php?rest_route=%2Fwp%2Fv2%2Fproduct_brand&post=622"},{"taxonomy":"product_cat","embeddable":true,"href":"https:\/\/ducatigarden.co\/index.php?rest_route=%2Fwp%2Fv2%2Fproduct_cat&post=622"},{"taxonomy":"product_tag","embeddable":true,"href":"https:\/\/ducatigarden.co\/index.php?rest_route=%2Fwp%2Fv2%2Fproduct_tag&post=622"}],"curies":[{"name":"wp","href":"https:\/\/api.w.org\/{rel}","templated":true}]}}