{"id":606,"date":"2025-12-09T14:40:33","date_gmt":"2025-12-09T14:40:33","guid":{"rendered":"http:\/\/wordpress1.imm.net\/?post_type=product&#038;p=606"},"modified":"2025-12-09T14:44:25","modified_gmt":"2025-12-09T14:44:25","slug":"motocultor-92650x","status":"publish","type":"product","link":"https:\/\/ducatigarden.co\/?product=motocultor-92650x","title":{"rendered":"Motocultor 92650X"},"content":{"rendered":"","protected":false},"excerpt":{"rendered":"<h3 class=\"sppb-addon-title\">Caracter\u00edsticas<\/h3>\n<div class=\"sppb-addon-content\">\n<ul>\n<li>Arranque: Manual<\/li>\n<li>Motor: 4 Tiempos.<\/li>\n<li>Potencia: 7 Hp<\/li>\n<li>Combustible: Gasolina.<\/li>\n<li>Velocidades de tracci\u00f3n: 2 + 2 tracera<\/li>\n<li>Velocidad de cuchillas: 2 + 2 con card\u00e1n reductor<\/li>\n<li>Ancho de trabajo: 420 &#8211; 650 mm<\/li>\n<li>Capacidad del tanque: 6L<\/li>\n<li>Dep\u00f3sito de aceite: 0,6 L<\/li>\n<li>Transmisi\u00f3n: Doble tracci\u00f3n \/ Cuchilla<\/li>\n<li>Fresas: 6 piezas de 3 cuchillas.<\/li>\n<li>Dimensiones: 160 x 75 x 80 cm.<\/li>\n<li>Peso: 85 Kg.<\/li>\n<\/ul>\n<\/div>\n","protected":false},"featured_media":607,"comment_status":"open","ping_status":"closed","template":"","meta":{"_eb_attr":"","_kad_post_transparent":"default","_kad_post_title":"","_kad_post_layout":"default","_kad_post_sidebar_id":"","_kad_post_content_style":"default","_kad_post_vertical_padding":"default","_kad_post_feature":"","_kad_post_feature_position":"","_kad_post_header":false,"_kad_post_footer":false,"_kad_post_classname":""},"product_brand":[],"product_cat":[24],"product_tag":[],"class_list":{"0":"post-606","1":"product","2":"type-product","3":"status-publish","4":"has-post-thumbnail","6":"product_cat-motoazadas-y-motocultores","8":"first","9":"instock","10":"shipping-taxable","11":"product-type-simple","12":"entry","13":"content-bg","14":"loop-entry"},"yoast_head":"<!-- This site is optimized with the Yoast SEO plugin v26.3 - https:\/\/yoast.com\/wordpress\/plugins\/seo\/ -->\n<title>Motocultor 92650X - Ducati<\/title>\n<meta name=\"robots\" content=\"index, follow, max-snippet:-1, max-image-preview:large, max-video-preview:-1\" \/>\n<link rel=\"canonical\" href=\"https:\/\/ducatigarden.co\/?product=motocultor-92650x\" \/>\n<meta property=\"og:locale\" content=\"es_ES\" \/>\n<meta property=\"og:type\" content=\"article\" \/>\n<meta property=\"og:title\" content=\"Motocultor 92650X - Ducati\" \/>\n<meta property=\"og:description\" content=\"Caracter\u00edsticas    Arranque: Manual  Motor: 4 Tiempos.  Potencia: 7 Hp  Combustible: Gasolina.  Velocidades de tracci\u00f3n: 2 + 2 tracera  Velocidad de cuchillas: 2 + 2 con card\u00e1n reductor  Ancho de trabajo: 420 - 650 mm  Capacidad del tanque: 6L  Dep\u00f3sito de aceite: 0,6 L  Transmisi\u00f3n: Doble tracci\u00f3n \/ Cuchilla  Fresas: 6 piezas de 3 cuchillas.  Dimensiones: 160 x 75 x 80 cm.  Peso: 85 Kg.\" \/>\n<meta property=\"og:url\" content=\"https:\/\/ducatigarden.co\/?product=motocultor-92650x\" \/>\n<meta property=\"og:site_name\" content=\"Ducati\" \/>\n<meta property=\"article:modified_time\" content=\"2025-12-09T14:44:25+00:00\" \/>\n<meta property=\"og:image\" content=\"https:\/\/ducatigarden.co\/wp-content\/uploads\/2025\/12\/motocultor-92650x-gasolina-ducati-1.jpg\" \/>\n\t<meta property=\"og:image:width\" content=\"657\" \/>\n\t<meta property=\"og:image:height\" content=\"652\" \/>\n\t<meta property=\"og:image:type\" content=\"image\/jpeg\" \/>\n<meta name=\"twitter:card\" content=\"summary_large_image\" \/>\n<meta name=\"twitter:label1\" content=\"Tiempo de lectura\" \/>\n\t<meta name=\"twitter:data1\" content=\"1 minuto\" \/>\n<script type=\"application\/ld+json\" class=\"yoast-schema-graph\">{\"@context\":\"https:\/\/schema.org\",\"@graph\":[{\"@type\":\"WebPage\",\"@id\":\"https:\/\/ducatigarden.co\/?product=motocultor-92650x\",\"url\":\"https:\/\/ducatigarden.co\/?product=motocultor-92650x\",\"name\":\"Motocultor 92650X - Ducati\",\"isPartOf\":{\"@id\":\"https:\/\/ducatigarden.co\/#website\"},\"primaryImageOfPage\":{\"@id\":\"https:\/\/ducatigarden.co\/?product=motocultor-92650x#primaryimage\"},\"image\":{\"@id\":\"https:\/\/ducatigarden.co\/?product=motocultor-92650x#primaryimage\"},\"thumbnailUrl\":\"https:\/\/ducatigarden.co\/wp-content\/uploads\/2025\/12\/motocultor-92650x-gasolina-ducati-1.jpg\",\"datePublished\":\"2025-12-09T14:40:33+00:00\",\"dateModified\":\"2025-12-09T14:44:25+00:00\",\"breadcrumb\":{\"@id\":\"https:\/\/ducatigarden.co\/?product=motocultor-92650x#breadcrumb\"},\"inLanguage\":\"es-CO\",\"potentialAction\":[{\"@type\":\"ReadAction\",\"target\":[\"https:\/\/ducatigarden.co\/?product=motocultor-92650x\"]}]},{\"@type\":\"ImageObject\",\"inLanguage\":\"es-CO\",\"@id\":\"https:\/\/ducatigarden.co\/?product=motocultor-92650x#primaryimage\",\"url\":\"https:\/\/ducatigarden.co\/wp-content\/uploads\/2025\/12\/motocultor-92650x-gasolina-ducati-1.jpg\",\"contentUrl\":\"https:\/\/ducatigarden.co\/wp-content\/uploads\/2025\/12\/motocultor-92650x-gasolina-ducati-1.jpg\",\"width\":657,\"height\":652},{\"@type\":\"BreadcrumbList\",\"@id\":\"https:\/\/ducatigarden.co\/?product=motocultor-92650x#breadcrumb\",\"itemListElement\":[{\"@type\":\"ListItem\",\"position\":1,\"name\":\"Home\",\"item\":\"https:\/\/ducatigarden.co\/\"},{\"@type\":\"ListItem\",\"position\":2,\"name\":\"Shop\",\"item\":\"https:\/\/ducatigarden.co\/?page_id=24\"},{\"@type\":\"ListItem\",\"position\":3,\"name\":\"Motocultor 92650X\"}]},{\"@type\":\"WebSite\",\"@id\":\"https:\/\/ducatigarden.co\/#website\",\"url\":\"https:\/\/ducatigarden.co\/\",\"name\":\"Ducati\",\"description\":\"\",\"publisher\":{\"@id\":\"https:\/\/ducatigarden.co\/#organization\"},\"potentialAction\":[{\"@type\":\"SearchAction\",\"target\":{\"@type\":\"EntryPoint\",\"urlTemplate\":\"https:\/\/ducatigarden.co\/?s={search_term_string}\"},\"query-input\":{\"@type\":\"PropertyValueSpecification\",\"valueRequired\":true,\"valueName\":\"search_term_string\"}}],\"inLanguage\":\"es-CO\"},{\"@type\":\"Organization\",\"@id\":\"https:\/\/ducatigarden.co\/#organization\",\"name\":\"Ducati\",\"url\":\"https:\/\/ducatigarden.co\/\",\"logo\":{\"@type\":\"ImageObject\",\"inLanguage\":\"es-CO\",\"@id\":\"https:\/\/ducatigarden.co\/#\/schema\/logo\/image\/\",\"url\":\"https:\/\/ducatigarden.co\/wp-content\/uploads\/2025\/11\/logo-dt.png\",\"contentUrl\":\"https:\/\/ducatigarden.co\/wp-content\/uploads\/2025\/11\/logo-dt.png\",\"width\":599,\"height\":162,\"caption\":\"Ducati\"},\"image\":{\"@id\":\"https:\/\/ducatigarden.co\/#\/schema\/logo\/image\/\"}}]}<\/script>\n<!-- \/ Yoast SEO plugin. -->","yoast_head_json":{"title":"Motocultor 92650X - Ducati","robots":{"index":"index","follow":"follow","max-snippet":"max-snippet:-1","max-image-preview":"max-image-preview:large","max-video-preview":"max-video-preview:-1"},"canonical":"https:\/\/ducatigarden.co\/?product=motocultor-92650x","og_locale":"es_ES","og_type":"article","og_title":"Motocultor 92650X - Ducati","og_description":"Caracter\u00edsticas    Arranque: Manual  Motor: 4 Tiempos.  Potencia: 7 Hp  Combustible: Gasolina.  Velocidades de tracci\u00f3n: 2 + 2 tracera  Velocidad de cuchillas: 2 + 2 con card\u00e1n reductor  Ancho de trabajo: 420 - 650 mm  Capacidad del tanque: 6L  Dep\u00f3sito de aceite: 0,6 L  Transmisi\u00f3n: Doble tracci\u00f3n \/ Cuchilla  Fresas: 6 piezas de 3 cuchillas.  Dimensiones: 160 x 75 x 80 cm.  Peso: 85 Kg.","og_url":"https:\/\/ducatigarden.co\/?product=motocultor-92650x","og_site_name":"Ducati","article_modified_time":"2025-12-09T14:44:25+00:00","og_image":[{"width":657,"height":652,"url":"https:\/\/ducatigarden.co\/wp-content\/uploads\/2025\/12\/motocultor-92650x-gasolina-ducati-1.jpg","type":"image\/jpeg"}],"twitter_card":"summary_large_image","twitter_misc":{"Tiempo de lectura":"1 minuto"},"schema":{"@context":"https:\/\/schema.org","@graph":[{"@type":"WebPage","@id":"https:\/\/ducatigarden.co\/?product=motocultor-92650x","url":"https:\/\/ducatigarden.co\/?product=motocultor-92650x","name":"Motocultor 92650X - Ducati","isPartOf":{"@id":"https:\/\/ducatigarden.co\/#website"},"primaryImageOfPage":{"@id":"https:\/\/ducatigarden.co\/?product=motocultor-92650x#primaryimage"},"image":{"@id":"https:\/\/ducatigarden.co\/?product=motocultor-92650x#primaryimage"},"thumbnailUrl":"https:\/\/ducatigarden.co\/wp-content\/uploads\/2025\/12\/motocultor-92650x-gasolina-ducati-1.jpg","datePublished":"2025-12-09T14:40:33+00:00","dateModified":"2025-12-09T14:44:25+00:00","breadcrumb":{"@id":"https:\/\/ducatigarden.co\/?product=motocultor-92650x#breadcrumb"},"inLanguage":"es-CO","potentialAction":[{"@type":"ReadAction","target":["https:\/\/ducatigarden.co\/?product=motocultor-92650x"]}]},{"@type":"ImageObject","inLanguage":"es-CO","@id":"https:\/\/ducatigarden.co\/?product=motocultor-92650x#primaryimage","url":"https:\/\/ducatigarden.co\/wp-content\/uploads\/2025\/12\/motocultor-92650x-gasolina-ducati-1.jpg","contentUrl":"https:\/\/ducatigarden.co\/wp-content\/uploads\/2025\/12\/motocultor-92650x-gasolina-ducati-1.jpg","width":657,"height":652},{"@type":"BreadcrumbList","@id":"https:\/\/ducatigarden.co\/?product=motocultor-92650x#breadcrumb","itemListElement":[{"@type":"ListItem","position":1,"name":"Home","item":"https:\/\/ducatigarden.co\/"},{"@type":"ListItem","position":2,"name":"Shop","item":"https:\/\/ducatigarden.co\/?page_id=24"},{"@type":"ListItem","position":3,"name":"Motocultor 92650X"}]},{"@type":"WebSite","@id":"https:\/\/ducatigarden.co\/#website","url":"https:\/\/ducatigarden.co\/","name":"Ducati","description":"","publisher":{"@id":"https:\/\/ducatigarden.co\/#organization"},"potentialAction":[{"@type":"SearchAction","target":{"@type":"EntryPoint","urlTemplate":"https:\/\/ducatigarden.co\/?s={search_term_string}"},"query-input":{"@type":"PropertyValueSpecification","valueRequired":true,"valueName":"search_term_string"}}],"inLanguage":"es-CO"},{"@type":"Organization","@id":"https:\/\/ducatigarden.co\/#organization","name":"Ducati","url":"https:\/\/ducatigarden.co\/","logo":{"@type":"ImageObject","inLanguage":"es-CO","@id":"https:\/\/ducatigarden.co\/#\/schema\/logo\/image\/","url":"https:\/\/ducatigarden.co\/wp-content\/uploads\/2025\/11\/logo-dt.png","contentUrl":"https:\/\/ducatigarden.co\/wp-content\/uploads\/2025\/11\/logo-dt.png","width":599,"height":162,"caption":"Ducati"},"image":{"@id":"https:\/\/ducatigarden.co\/#\/schema\/logo\/image\/"}}]}},"_links":{"self":[{"href":"https:\/\/ducatigarden.co\/index.php?rest_route=\/wp\/v2\/product\/606","targetHints":{"allow":["GET"]}}],"collection":[{"href":"https:\/\/ducatigarden.co\/index.php?rest_route=\/wp\/v2\/product"}],"about":[{"href":"https:\/\/ducatigarden.co\/index.php?rest_route=\/wp\/v2\/types\/product"}],"replies":[{"embeddable":true,"href":"https:\/\/ducatigarden.co\/index.php?rest_route=%2Fwp%2Fv2%2Fcomments&post=606"}],"wp:featuredmedia":[{"embeddable":true,"href":"https:\/\/ducatigarden.co\/index.php?rest_route=\/wp\/v2\/media\/607"}],"wp:attachment":[{"href":"https:\/\/ducatigarden.co\/index.php?rest_route=%2Fwp%2Fv2%2Fmedia&parent=606"}],"wp:term":[{"taxonomy":"product_brand","embeddable":true,"href":"https:\/\/ducatigarden.co\/index.php?rest_route=%2Fwp%2Fv2%2Fproduct_brand&post=606"},{"taxonomy":"product_cat","embeddable":true,"href":"https:\/\/ducatigarden.co\/index.php?rest_route=%2Fwp%2Fv2%2Fproduct_cat&post=606"},{"taxonomy":"product_tag","embeddable":true,"href":"https:\/\/ducatigarden.co\/index.php?rest_route=%2Fwp%2Fv2%2Fproduct_tag&post=606"}],"curies":[{"name":"wp","href":"https:\/\/api.w.org\/{rel}","templated":true}]}}