{"id":515,"date":"2025-12-04T15:42:55","date_gmt":"2025-12-04T15:42:55","guid":{"rendered":"http:\/\/wordpress1.imm.net\/?post_type=product&#038;p=515"},"modified":"2025-12-04T15:45:27","modified_gmt":"2025-12-04T15:45:27","slug":"biotrituradora-dws65","status":"publish","type":"product","link":"https:\/\/ducatigarden.co\/?product=biotrituradora-dws65","title":{"rendered":"Biotrituradora DWS65"},"content":{"rendered":"","protected":false},"excerpt":{"rendered":"<h3 class=\"sppb-addon-title\">Caracter\u00edsticas<\/h3>\n<div class=\"sppb-addon-content\">\n<ul>\n<li>Arranque: manual retr\u00e1ctil<\/li>\n<li>Motor: 4 Tiempos &#8211; OHV.<\/li>\n<li>Potencia: 4,1 Kw \/ 6,5 CV<\/li>\n<li>Cilindraje: 196cc<\/li>\n<li>Combustible: Gasolina.<\/li>\n<li>Capacidad del tanque: 3,6 L<\/li>\n<li>Tipo de aceite: 20W50<\/li>\n<li>Dep\u00f3sito de aceite: 0,6 L<\/li>\n<li>Transmisi\u00f3n:Doble correa<\/li>\n<li>N\u00famero de cuchillas: 2<\/li>\n<li>Di\u00e1metro m\u00e1ximo de corte: 4&#8243;\/100mm<\/li>\n<li>Tipo de corte: Trituraci\u00f3n por rodillo<\/li>\n<li>Velocidad maxima de cuchillas: 2400 rpm<\/li>\n<li>Medidas (L*An*Al): 870 cm x 890 cm x 565 cm<\/li>\n<li>Peso: 105 kg<\/li>\n<\/ul>\n<\/div>\n","protected":false},"featured_media":516,"comment_status":"open","ping_status":"closed","template":"","meta":{"_eb_attr":"","_kad_post_transparent":"default","_kad_post_title":"","_kad_post_layout":"default","_kad_post_sidebar_id":"","_kad_post_content_style":"default","_kad_post_vertical_padding":"default","_kad_post_feature":"","_kad_post_feature_position":"","_kad_post_header":false,"_kad_post_footer":false,"_kad_post_classname":""},"product_brand":[],"product_cat":[22],"product_tag":[],"class_list":{"0":"post-515","1":"product","2":"type-product","3":"status-publish","4":"has-post-thumbnail","6":"product_cat-chipeadora","8":"first","9":"instock","10":"shipping-taxable","11":"product-type-simple","12":"entry","13":"content-bg","14":"loop-entry"},"yoast_head":"<!-- This site is optimized with the Yoast SEO plugin v26.3 - https:\/\/yoast.com\/wordpress\/plugins\/seo\/ -->\n<title>Biotrituradora DWS65 - Ducati<\/title>\n<meta name=\"robots\" content=\"index, follow, max-snippet:-1, max-image-preview:large, max-video-preview:-1\" \/>\n<link rel=\"canonical\" href=\"https:\/\/ducatigarden.co\/?product=biotrituradora-dws65\" \/>\n<meta property=\"og:locale\" content=\"es_ES\" \/>\n<meta property=\"og:type\" content=\"article\" \/>\n<meta property=\"og:title\" content=\"Biotrituradora DWS65 - Ducati\" \/>\n<meta property=\"og:description\" content=\"Caracter\u00edsticas    Arranque: manual retr\u00e1ctil  Motor: 4 Tiempos - OHV.  Potencia: 4,1 Kw \/ 6,5 CV  Cilindraje: 196cc  Combustible: Gasolina.  Capacidad del tanque: 3,6 L  Tipo de aceite: 20W50  Dep\u00f3sito de aceite: 0,6 L  Transmisi\u00f3n:Doble correa  N\u00famero de cuchillas: 2  Di\u00e1metro m\u00e1ximo de corte: 4&quot;\/100mm  Tipo de corte: Trituraci\u00f3n por rodillo  Velocidad maxima de cuchillas: 2400 rpm  Medidas (L*An*Al): 870 cm x 890 cm x 565 cm  Peso: 105 kg\" \/>\n<meta property=\"og:url\" content=\"https:\/\/ducatigarden.co\/?product=biotrituradora-dws65\" \/>\n<meta property=\"og:site_name\" content=\"Ducati\" \/>\n<meta property=\"article:modified_time\" content=\"2025-12-04T15:45:27+00:00\" \/>\n<meta property=\"og:image\" content=\"https:\/\/ducatigarden.co\/wp-content\/uploads\/2025\/12\/e9c724eeb5636d1c1c1a2c2e85d40377_M.jpg\" \/>\n\t<meta property=\"og:image:width\" content=\"300\" \/>\n\t<meta property=\"og:image:height\" content=\"251\" \/>\n\t<meta property=\"og:image:type\" content=\"image\/jpeg\" \/>\n<meta name=\"twitter:card\" content=\"summary_large_image\" \/>\n<meta name=\"twitter:label1\" content=\"Tiempo de lectura\" \/>\n\t<meta name=\"twitter:data1\" content=\"1 minuto\" \/>\n<script type=\"application\/ld+json\" class=\"yoast-schema-graph\">{\"@context\":\"https:\/\/schema.org\",\"@graph\":[{\"@type\":\"WebPage\",\"@id\":\"https:\/\/ducatigarden.co\/?product=biotrituradora-dws65\",\"url\":\"https:\/\/ducatigarden.co\/?product=biotrituradora-dws65\",\"name\":\"Biotrituradora DWS65 - Ducati\",\"isPartOf\":{\"@id\":\"https:\/\/ducatigarden.co\/#website\"},\"primaryImageOfPage\":{\"@id\":\"https:\/\/ducatigarden.co\/?product=biotrituradora-dws65#primaryimage\"},\"image\":{\"@id\":\"https:\/\/ducatigarden.co\/?product=biotrituradora-dws65#primaryimage\"},\"thumbnailUrl\":\"https:\/\/ducatigarden.co\/wp-content\/uploads\/2025\/12\/e9c724eeb5636d1c1c1a2c2e85d40377_M.jpg\",\"datePublished\":\"2025-12-04T15:42:55+00:00\",\"dateModified\":\"2025-12-04T15:45:27+00:00\",\"breadcrumb\":{\"@id\":\"https:\/\/ducatigarden.co\/?product=biotrituradora-dws65#breadcrumb\"},\"inLanguage\":\"es-CO\",\"potentialAction\":[{\"@type\":\"ReadAction\",\"target\":[\"https:\/\/ducatigarden.co\/?product=biotrituradora-dws65\"]}]},{\"@type\":\"ImageObject\",\"inLanguage\":\"es-CO\",\"@id\":\"https:\/\/ducatigarden.co\/?product=biotrituradora-dws65#primaryimage\",\"url\":\"https:\/\/ducatigarden.co\/wp-content\/uploads\/2025\/12\/e9c724eeb5636d1c1c1a2c2e85d40377_M.jpg\",\"contentUrl\":\"https:\/\/ducatigarden.co\/wp-content\/uploads\/2025\/12\/e9c724eeb5636d1c1c1a2c2e85d40377_M.jpg\",\"width\":300,\"height\":251},{\"@type\":\"BreadcrumbList\",\"@id\":\"https:\/\/ducatigarden.co\/?product=biotrituradora-dws65#breadcrumb\",\"itemListElement\":[{\"@type\":\"ListItem\",\"position\":1,\"name\":\"Home\",\"item\":\"https:\/\/ducatigarden.co\/\"},{\"@type\":\"ListItem\",\"position\":2,\"name\":\"Shop\",\"item\":\"https:\/\/ducatigarden.co\/?page_id=24\"},{\"@type\":\"ListItem\",\"position\":3,\"name\":\"Biotrituradora DWS65\"}]},{\"@type\":\"WebSite\",\"@id\":\"https:\/\/ducatigarden.co\/#website\",\"url\":\"https:\/\/ducatigarden.co\/\",\"name\":\"Ducati\",\"description\":\"\",\"publisher\":{\"@id\":\"https:\/\/ducatigarden.co\/#organization\"},\"potentialAction\":[{\"@type\":\"SearchAction\",\"target\":{\"@type\":\"EntryPoint\",\"urlTemplate\":\"https:\/\/ducatigarden.co\/?s={search_term_string}\"},\"query-input\":{\"@type\":\"PropertyValueSpecification\",\"valueRequired\":true,\"valueName\":\"search_term_string\"}}],\"inLanguage\":\"es-CO\"},{\"@type\":\"Organization\",\"@id\":\"https:\/\/ducatigarden.co\/#organization\",\"name\":\"Ducati\",\"url\":\"https:\/\/ducatigarden.co\/\",\"logo\":{\"@type\":\"ImageObject\",\"inLanguage\":\"es-CO\",\"@id\":\"https:\/\/ducatigarden.co\/#\/schema\/logo\/image\/\",\"url\":\"https:\/\/ducatigarden.co\/wp-content\/uploads\/2025\/11\/logo-dt.png\",\"contentUrl\":\"https:\/\/ducatigarden.co\/wp-content\/uploads\/2025\/11\/logo-dt.png\",\"width\":599,\"height\":162,\"caption\":\"Ducati\"},\"image\":{\"@id\":\"https:\/\/ducatigarden.co\/#\/schema\/logo\/image\/\"}}]}<\/script>\n<!-- \/ Yoast SEO plugin. -->","yoast_head_json":{"title":"Biotrituradora DWS65 - Ducati","robots":{"index":"index","follow":"follow","max-snippet":"max-snippet:-1","max-image-preview":"max-image-preview:large","max-video-preview":"max-video-preview:-1"},"canonical":"https:\/\/ducatigarden.co\/?product=biotrituradora-dws65","og_locale":"es_ES","og_type":"article","og_title":"Biotrituradora DWS65 - Ducati","og_description":"Caracter\u00edsticas    Arranque: manual retr\u00e1ctil  Motor: 4 Tiempos - OHV.  Potencia: 4,1 Kw \/ 6,5 CV  Cilindraje: 196cc  Combustible: Gasolina.  Capacidad del tanque: 3,6 L  Tipo de aceite: 20W50  Dep\u00f3sito de aceite: 0,6 L  Transmisi\u00f3n:Doble correa  N\u00famero de cuchillas: 2  Di\u00e1metro m\u00e1ximo de corte: 4\"\/100mm  Tipo de corte: Trituraci\u00f3n por rodillo  Velocidad maxima de cuchillas: 2400 rpm  Medidas (L*An*Al): 870 cm x 890 cm x 565 cm  Peso: 105 kg","og_url":"https:\/\/ducatigarden.co\/?product=biotrituradora-dws65","og_site_name":"Ducati","article_modified_time":"2025-12-04T15:45:27+00:00","og_image":[{"width":300,"height":251,"url":"https:\/\/ducatigarden.co\/wp-content\/uploads\/2025\/12\/e9c724eeb5636d1c1c1a2c2e85d40377_M.jpg","type":"image\/jpeg"}],"twitter_card":"summary_large_image","twitter_misc":{"Tiempo de lectura":"1 minuto"},"schema":{"@context":"https:\/\/schema.org","@graph":[{"@type":"WebPage","@id":"https:\/\/ducatigarden.co\/?product=biotrituradora-dws65","url":"https:\/\/ducatigarden.co\/?product=biotrituradora-dws65","name":"Biotrituradora DWS65 - Ducati","isPartOf":{"@id":"https:\/\/ducatigarden.co\/#website"},"primaryImageOfPage":{"@id":"https:\/\/ducatigarden.co\/?product=biotrituradora-dws65#primaryimage"},"image":{"@id":"https:\/\/ducatigarden.co\/?product=biotrituradora-dws65#primaryimage"},"thumbnailUrl":"https:\/\/ducatigarden.co\/wp-content\/uploads\/2025\/12\/e9c724eeb5636d1c1c1a2c2e85d40377_M.jpg","datePublished":"2025-12-04T15:42:55+00:00","dateModified":"2025-12-04T15:45:27+00:00","breadcrumb":{"@id":"https:\/\/ducatigarden.co\/?product=biotrituradora-dws65#breadcrumb"},"inLanguage":"es-CO","potentialAction":[{"@type":"ReadAction","target":["https:\/\/ducatigarden.co\/?product=biotrituradora-dws65"]}]},{"@type":"ImageObject","inLanguage":"es-CO","@id":"https:\/\/ducatigarden.co\/?product=biotrituradora-dws65#primaryimage","url":"https:\/\/ducatigarden.co\/wp-content\/uploads\/2025\/12\/e9c724eeb5636d1c1c1a2c2e85d40377_M.jpg","contentUrl":"https:\/\/ducatigarden.co\/wp-content\/uploads\/2025\/12\/e9c724eeb5636d1c1c1a2c2e85d40377_M.jpg","width":300,"height":251},{"@type":"BreadcrumbList","@id":"https:\/\/ducatigarden.co\/?product=biotrituradora-dws65#breadcrumb","itemListElement":[{"@type":"ListItem","position":1,"name":"Home","item":"https:\/\/ducatigarden.co\/"},{"@type":"ListItem","position":2,"name":"Shop","item":"https:\/\/ducatigarden.co\/?page_id=24"},{"@type":"ListItem","position":3,"name":"Biotrituradora DWS65"}]},{"@type":"WebSite","@id":"https:\/\/ducatigarden.co\/#website","url":"https:\/\/ducatigarden.co\/","name":"Ducati","description":"","publisher":{"@id":"https:\/\/ducatigarden.co\/#organization"},"potentialAction":[{"@type":"SearchAction","target":{"@type":"EntryPoint","urlTemplate":"https:\/\/ducatigarden.co\/?s={search_term_string}"},"query-input":{"@type":"PropertyValueSpecification","valueRequired":true,"valueName":"search_term_string"}}],"inLanguage":"es-CO"},{"@type":"Organization","@id":"https:\/\/ducatigarden.co\/#organization","name":"Ducati","url":"https:\/\/ducatigarden.co\/","logo":{"@type":"ImageObject","inLanguage":"es-CO","@id":"https:\/\/ducatigarden.co\/#\/schema\/logo\/image\/","url":"https:\/\/ducatigarden.co\/wp-content\/uploads\/2025\/11\/logo-dt.png","contentUrl":"https:\/\/ducatigarden.co\/wp-content\/uploads\/2025\/11\/logo-dt.png","width":599,"height":162,"caption":"Ducati"},"image":{"@id":"https:\/\/ducatigarden.co\/#\/schema\/logo\/image\/"}}]}},"_links":{"self":[{"href":"https:\/\/ducatigarden.co\/index.php?rest_route=\/wp\/v2\/product\/515","targetHints":{"allow":["GET"]}}],"collection":[{"href":"https:\/\/ducatigarden.co\/index.php?rest_route=\/wp\/v2\/product"}],"about":[{"href":"https:\/\/ducatigarden.co\/index.php?rest_route=\/wp\/v2\/types\/product"}],"replies":[{"embeddable":true,"href":"https:\/\/ducatigarden.co\/index.php?rest_route=%2Fwp%2Fv2%2Fcomments&post=515"}],"wp:featuredmedia":[{"embeddable":true,"href":"https:\/\/ducatigarden.co\/index.php?rest_route=\/wp\/v2\/media\/516"}],"wp:attachment":[{"href":"https:\/\/ducatigarden.co\/index.php?rest_route=%2Fwp%2Fv2%2Fmedia&parent=515"}],"wp:term":[{"taxonomy":"product_brand","embeddable":true,"href":"https:\/\/ducatigarden.co\/index.php?rest_route=%2Fwp%2Fv2%2Fproduct_brand&post=515"},{"taxonomy":"product_cat","embeddable":true,"href":"https:\/\/ducatigarden.co\/index.php?rest_route=%2Fwp%2Fv2%2Fproduct_cat&post=515"},{"taxonomy":"product_tag","embeddable":true,"href":"https:\/\/ducatigarden.co\/index.php?rest_route=%2Fwp%2Fv2%2Fproduct_tag&post=515"}],"curies":[{"name":"wp","href":"https:\/\/api.w.org\/{rel}","templated":true}]}}