{"id":462,"date":"2025-12-04T15:05:03","date_gmt":"2025-12-04T15:05:03","guid":{"rendered":"http:\/\/wordpress1.imm.net\/?post_type=product&#038;p=462"},"modified":"2025-12-04T15:09:30","modified_gmt":"2025-12-04T15:09:30","slug":"guadana-dbc4000pro","status":"publish","type":"product","link":"https:\/\/ducatigarden.co\/?product=guadana-dbc4000pro","title":{"rendered":"Guada\u00f1a &#8211; DBC4000Pro"},"content":{"rendered":"","protected":false},"excerpt":{"rendered":"<h3 class=\"sppb-addon-title\">Caracter\u00edsticas<\/h3>\n<div class=\"sppb-addon-content\">\n<ul>\n<li>Motor: 2 tiempos.<\/li>\n<li>Cilindrada: 39,8 cc<\/li>\n<li>Potencia: 1,25 Kw \/ 1,7 cv<\/li>\n<li>hilo: 2,4 mm<\/li>\n<li>Ancho de corte hilo: 340 mm<\/li>\n<li>Cuchilla: 1,4 mm &#8211; 3 puntas<\/li>\n<li>Ancho de corte cuchilla: 255 mm<\/li>\n<li>Alimentaci\u00f3n del Hilo: Semi Autom\u00e1tico<\/li>\n<li>Barra: 28 mm<\/li>\n<li>Dep\u00f3sito:\u00a01 L.<\/li>\n<li>Mezcla: 30:1<\/li>\n<li>peso: 8,9 kg<\/li>\n<\/ul>\n<\/div>\n","protected":false},"featured_media":463,"comment_status":"open","ping_status":"closed","template":"","meta":{"_eb_attr":"","_kad_post_transparent":"default","_kad_post_title":"","_kad_post_layout":"default","_kad_post_sidebar_id":"","_kad_post_content_style":"default","_kad_post_vertical_padding":"default","_kad_post_feature":"","_kad_post_feature_position":"","_kad_post_header":false,"_kad_post_footer":false,"_kad_post_classname":""},"product_brand":[],"product_cat":[17],"product_tag":[],"class_list":{"0":"post-462","1":"product","2":"type-product","3":"status-publish","4":"has-post-thumbnail","6":"product_cat-guadanas","8":"first","9":"instock","10":"shipping-taxable","11":"product-type-simple","12":"entry","13":"content-bg","14":"loop-entry"},"yoast_head":"<!-- This site is optimized with the Yoast SEO plugin v26.3 - https:\/\/yoast.com\/wordpress\/plugins\/seo\/ -->\n<title>Guada\u00f1a - DBC4000Pro - Ducati<\/title>\n<meta name=\"robots\" content=\"index, follow, max-snippet:-1, max-image-preview:large, max-video-preview:-1\" \/>\n<link rel=\"canonical\" href=\"https:\/\/ducatigarden.co\/?product=guadana-dbc4000pro\" \/>\n<meta property=\"og:locale\" content=\"es_ES\" \/>\n<meta property=\"og:type\" content=\"article\" \/>\n<meta property=\"og:title\" content=\"Guada\u00f1a - DBC4000Pro - Ducati\" \/>\n<meta property=\"og:description\" content=\"Caracter\u00edsticas    Motor: 2 tiempos.  Cilindrada: 39,8 cc  Potencia: 1,25 Kw \/ 1,7 cv  hilo: 2,4 mm  Ancho de corte hilo: 340 mm  Cuchilla: 1,4 mm - 3 puntas  Ancho de corte cuchilla: 255 mm  Alimentaci\u00f3n del Hilo: Semi Autom\u00e1tico  Barra: 28 mm  Dep\u00f3sito:\u00a01 L.  Mezcla: 30:1  peso: 8,9 kg\" \/>\n<meta property=\"og:url\" content=\"https:\/\/ducatigarden.co\/?product=guadana-dbc4000pro\" \/>\n<meta property=\"og:site_name\" content=\"Ducati\" \/>\n<meta property=\"article:modified_time\" content=\"2025-12-04T15:09:30+00:00\" \/>\n<meta property=\"og:image\" content=\"https:\/\/ducatigarden.co\/wp-content\/uploads\/2025\/12\/guadaa_gasolina_dbc4000_pro_ducati_2.jpg\" \/>\n\t<meta property=\"og:image:width\" content=\"300\" \/>\n\t<meta property=\"og:image:height\" content=\"390\" \/>\n\t<meta property=\"og:image:type\" content=\"image\/jpeg\" \/>\n<meta name=\"twitter:card\" content=\"summary_large_image\" \/>\n<meta name=\"twitter:label1\" content=\"Tiempo de lectura\" \/>\n\t<meta name=\"twitter:data1\" content=\"1 minuto\" \/>\n<script type=\"application\/ld+json\" class=\"yoast-schema-graph\">{\"@context\":\"https:\/\/schema.org\",\"@graph\":[{\"@type\":\"WebPage\",\"@id\":\"https:\/\/ducatigarden.co\/?product=guadana-dbc4000pro\",\"url\":\"https:\/\/ducatigarden.co\/?product=guadana-dbc4000pro\",\"name\":\"Guada\u00f1a - DBC4000Pro - Ducati\",\"isPartOf\":{\"@id\":\"https:\/\/ducatigarden.co\/#website\"},\"primaryImageOfPage\":{\"@id\":\"https:\/\/ducatigarden.co\/?product=guadana-dbc4000pro#primaryimage\"},\"image\":{\"@id\":\"https:\/\/ducatigarden.co\/?product=guadana-dbc4000pro#primaryimage\"},\"thumbnailUrl\":\"https:\/\/ducatigarden.co\/wp-content\/uploads\/2025\/12\/guadaa_gasolina_dbc4000_pro_ducati_2.jpg\",\"datePublished\":\"2025-12-04T15:05:03+00:00\",\"dateModified\":\"2025-12-04T15:09:30+00:00\",\"breadcrumb\":{\"@id\":\"https:\/\/ducatigarden.co\/?product=guadana-dbc4000pro#breadcrumb\"},\"inLanguage\":\"es-CO\",\"potentialAction\":[{\"@type\":\"ReadAction\",\"target\":[\"https:\/\/ducatigarden.co\/?product=guadana-dbc4000pro\"]}]},{\"@type\":\"ImageObject\",\"inLanguage\":\"es-CO\",\"@id\":\"https:\/\/ducatigarden.co\/?product=guadana-dbc4000pro#primaryimage\",\"url\":\"https:\/\/ducatigarden.co\/wp-content\/uploads\/2025\/12\/guadaa_gasolina_dbc4000_pro_ducati_2.jpg\",\"contentUrl\":\"https:\/\/ducatigarden.co\/wp-content\/uploads\/2025\/12\/guadaa_gasolina_dbc4000_pro_ducati_2.jpg\",\"width\":300,\"height\":390},{\"@type\":\"BreadcrumbList\",\"@id\":\"https:\/\/ducatigarden.co\/?product=guadana-dbc4000pro#breadcrumb\",\"itemListElement\":[{\"@type\":\"ListItem\",\"position\":1,\"name\":\"Home\",\"item\":\"https:\/\/ducatigarden.co\/\"},{\"@type\":\"ListItem\",\"position\":2,\"name\":\"Shop\",\"item\":\"https:\/\/ducatigarden.co\/?page_id=24\"},{\"@type\":\"ListItem\",\"position\":3,\"name\":\"Guada\u00f1a &#8211; DBC4000Pro\"}]},{\"@type\":\"WebSite\",\"@id\":\"https:\/\/ducatigarden.co\/#website\",\"url\":\"https:\/\/ducatigarden.co\/\",\"name\":\"Ducati\",\"description\":\"\",\"publisher\":{\"@id\":\"https:\/\/ducatigarden.co\/#organization\"},\"potentialAction\":[{\"@type\":\"SearchAction\",\"target\":{\"@type\":\"EntryPoint\",\"urlTemplate\":\"https:\/\/ducatigarden.co\/?s={search_term_string}\"},\"query-input\":{\"@type\":\"PropertyValueSpecification\",\"valueRequired\":true,\"valueName\":\"search_term_string\"}}],\"inLanguage\":\"es-CO\"},{\"@type\":\"Organization\",\"@id\":\"https:\/\/ducatigarden.co\/#organization\",\"name\":\"Ducati\",\"url\":\"https:\/\/ducatigarden.co\/\",\"logo\":{\"@type\":\"ImageObject\",\"inLanguage\":\"es-CO\",\"@id\":\"https:\/\/ducatigarden.co\/#\/schema\/logo\/image\/\",\"url\":\"https:\/\/ducatigarden.co\/wp-content\/uploads\/2025\/11\/logo-dt.png\",\"contentUrl\":\"https:\/\/ducatigarden.co\/wp-content\/uploads\/2025\/11\/logo-dt.png\",\"width\":599,\"height\":162,\"caption\":\"Ducati\"},\"image\":{\"@id\":\"https:\/\/ducatigarden.co\/#\/schema\/logo\/image\/\"}}]}<\/script>\n<!-- \/ Yoast SEO plugin. -->","yoast_head_json":{"title":"Guada\u00f1a - DBC4000Pro - Ducati","robots":{"index":"index","follow":"follow","max-snippet":"max-snippet:-1","max-image-preview":"max-image-preview:large","max-video-preview":"max-video-preview:-1"},"canonical":"https:\/\/ducatigarden.co\/?product=guadana-dbc4000pro","og_locale":"es_ES","og_type":"article","og_title":"Guada\u00f1a - DBC4000Pro - Ducati","og_description":"Caracter\u00edsticas    Motor: 2 tiempos.  Cilindrada: 39,8 cc  Potencia: 1,25 Kw \/ 1,7 cv  hilo: 2,4 mm  Ancho de corte hilo: 340 mm  Cuchilla: 1,4 mm - 3 puntas  Ancho de corte cuchilla: 255 mm  Alimentaci\u00f3n del Hilo: Semi Autom\u00e1tico  Barra: 28 mm  Dep\u00f3sito:\u00a01 L.  Mezcla: 30:1  peso: 8,9 kg","og_url":"https:\/\/ducatigarden.co\/?product=guadana-dbc4000pro","og_site_name":"Ducati","article_modified_time":"2025-12-04T15:09:30+00:00","og_image":[{"width":300,"height":390,"url":"https:\/\/ducatigarden.co\/wp-content\/uploads\/2025\/12\/guadaa_gasolina_dbc4000_pro_ducati_2.jpg","type":"image\/jpeg"}],"twitter_card":"summary_large_image","twitter_misc":{"Tiempo de lectura":"1 minuto"},"schema":{"@context":"https:\/\/schema.org","@graph":[{"@type":"WebPage","@id":"https:\/\/ducatigarden.co\/?product=guadana-dbc4000pro","url":"https:\/\/ducatigarden.co\/?product=guadana-dbc4000pro","name":"Guada\u00f1a - DBC4000Pro - Ducati","isPartOf":{"@id":"https:\/\/ducatigarden.co\/#website"},"primaryImageOfPage":{"@id":"https:\/\/ducatigarden.co\/?product=guadana-dbc4000pro#primaryimage"},"image":{"@id":"https:\/\/ducatigarden.co\/?product=guadana-dbc4000pro#primaryimage"},"thumbnailUrl":"https:\/\/ducatigarden.co\/wp-content\/uploads\/2025\/12\/guadaa_gasolina_dbc4000_pro_ducati_2.jpg","datePublished":"2025-12-04T15:05:03+00:00","dateModified":"2025-12-04T15:09:30+00:00","breadcrumb":{"@id":"https:\/\/ducatigarden.co\/?product=guadana-dbc4000pro#breadcrumb"},"inLanguage":"es-CO","potentialAction":[{"@type":"ReadAction","target":["https:\/\/ducatigarden.co\/?product=guadana-dbc4000pro"]}]},{"@type":"ImageObject","inLanguage":"es-CO","@id":"https:\/\/ducatigarden.co\/?product=guadana-dbc4000pro#primaryimage","url":"https:\/\/ducatigarden.co\/wp-content\/uploads\/2025\/12\/guadaa_gasolina_dbc4000_pro_ducati_2.jpg","contentUrl":"https:\/\/ducatigarden.co\/wp-content\/uploads\/2025\/12\/guadaa_gasolina_dbc4000_pro_ducati_2.jpg","width":300,"height":390},{"@type":"BreadcrumbList","@id":"https:\/\/ducatigarden.co\/?product=guadana-dbc4000pro#breadcrumb","itemListElement":[{"@type":"ListItem","position":1,"name":"Home","item":"https:\/\/ducatigarden.co\/"},{"@type":"ListItem","position":2,"name":"Shop","item":"https:\/\/ducatigarden.co\/?page_id=24"},{"@type":"ListItem","position":3,"name":"Guada\u00f1a &#8211; DBC4000Pro"}]},{"@type":"WebSite","@id":"https:\/\/ducatigarden.co\/#website","url":"https:\/\/ducatigarden.co\/","name":"Ducati","description":"","publisher":{"@id":"https:\/\/ducatigarden.co\/#organization"},"potentialAction":[{"@type":"SearchAction","target":{"@type":"EntryPoint","urlTemplate":"https:\/\/ducatigarden.co\/?s={search_term_string}"},"query-input":{"@type":"PropertyValueSpecification","valueRequired":true,"valueName":"search_term_string"}}],"inLanguage":"es-CO"},{"@type":"Organization","@id":"https:\/\/ducatigarden.co\/#organization","name":"Ducati","url":"https:\/\/ducatigarden.co\/","logo":{"@type":"ImageObject","inLanguage":"es-CO","@id":"https:\/\/ducatigarden.co\/#\/schema\/logo\/image\/","url":"https:\/\/ducatigarden.co\/wp-content\/uploads\/2025\/11\/logo-dt.png","contentUrl":"https:\/\/ducatigarden.co\/wp-content\/uploads\/2025\/11\/logo-dt.png","width":599,"height":162,"caption":"Ducati"},"image":{"@id":"https:\/\/ducatigarden.co\/#\/schema\/logo\/image\/"}}]}},"_links":{"self":[{"href":"https:\/\/ducatigarden.co\/index.php?rest_route=\/wp\/v2\/product\/462","targetHints":{"allow":["GET"]}}],"collection":[{"href":"https:\/\/ducatigarden.co\/index.php?rest_route=\/wp\/v2\/product"}],"about":[{"href":"https:\/\/ducatigarden.co\/index.php?rest_route=\/wp\/v2\/types\/product"}],"replies":[{"embeddable":true,"href":"https:\/\/ducatigarden.co\/index.php?rest_route=%2Fwp%2Fv2%2Fcomments&post=462"}],"wp:featuredmedia":[{"embeddable":true,"href":"https:\/\/ducatigarden.co\/index.php?rest_route=\/wp\/v2\/media\/463"}],"wp:attachment":[{"href":"https:\/\/ducatigarden.co\/index.php?rest_route=%2Fwp%2Fv2%2Fmedia&parent=462"}],"wp:term":[{"taxonomy":"product_brand","embeddable":true,"href":"https:\/\/ducatigarden.co\/index.php?rest_route=%2Fwp%2Fv2%2Fproduct_brand&post=462"},{"taxonomy":"product_cat","embeddable":true,"href":"https:\/\/ducatigarden.co\/index.php?rest_route=%2Fwp%2Fv2%2Fproduct_cat&post=462"},{"taxonomy":"product_tag","embeddable":true,"href":"https:\/\/ducatigarden.co\/index.php?rest_route=%2Fwp%2Fv2%2Fproduct_tag&post=462"}],"curies":[{"name":"wp","href":"https:\/\/api.w.org\/{rel}","templated":true}]}}