{"id":453,"date":"2025-12-04T14:58:15","date_gmt":"2025-12-04T14:58:15","guid":{"rendered":"http:\/\/wordpress1.imm.net\/?post_type=product&#038;p=453"},"modified":"2025-12-04T14:59:47","modified_gmt":"2025-12-04T14:59:47","slug":"cortacesped-dlm5303e","status":"publish","type":"product","link":"https:\/\/ducatigarden.co\/?product=cortacesped-dlm5303e","title":{"rendered":"Cortac\u00e9sped DLM5303E"},"content":{"rendered":"","protected":false},"excerpt":{"rendered":"<h3 class=\"sppb-addon-title\">Caracter\u00edsticas<\/h3>\n<div class=\"sppb-addon-content\">\n<ul>\n<li>Motor: 4 tiempos .<\/li>\n<li>Cilindrada: 224 cc.<\/li>\n<li>Potencia: 5,62 kw \/ 7,5 Hp Hp.<\/li>\n<li>V\u00e1lvula de compresi\u00f3n: Autom\u00e1tica.<\/li>\n<li>Bater\u00eda: 20V.<\/li>\n<li>Arranque: El\u00e9ctrico.<\/li>\n<li>Ancho de corte: 530 mm.<\/li>\n<li>Altura de corte:\u00a025 &#8211; 75 mm.<\/li>\n<li>Capacidad de combustible: 7,5 L.<\/li>\n<li>Ajuste de altura: 7 Posiciones.<\/li>\n<li>Volumen de cesta: 65<\/li>\n<li>Dimensi\u00f3n de ruedas: 203-254 mm \/ 8&#8243;-10&#8243;L.<\/li>\n<li>Dep\u00f3sito de gasolina: 1,2 L.<\/li>\n<li>Dep\u00f3sito de aceite: 0,5 L.<\/li>\n<li>Peso: 42 a 45 Kg.<\/li>\n<\/ul>\n<\/div>\n","protected":false},"featured_media":454,"comment_status":"open","ping_status":"closed","template":"","meta":{"_eb_attr":"","_kad_post_transparent":"default","_kad_post_title":"","_kad_post_layout":"default","_kad_post_sidebar_id":"","_kad_post_content_style":"default","_kad_post_vertical_padding":"default","_kad_post_feature":"","_kad_post_feature_position":"","_kad_post_header":false,"_kad_post_footer":false,"_kad_post_classname":""},"product_brand":[],"product_cat":[21],"product_tag":[],"class_list":{"0":"post-453","1":"product","2":"type-product","3":"status-publish","4":"has-post-thumbnail","6":"product_cat-cortacesped","8":"first","9":"instock","10":"shipping-taxable","11":"product-type-simple","12":"entry","13":"content-bg","14":"loop-entry"},"yoast_head":"<!-- This site is optimized with the Yoast SEO plugin v26.3 - https:\/\/yoast.com\/wordpress\/plugins\/seo\/ -->\n<title>Cortac\u00e9sped DLM5303E - Ducati<\/title>\n<meta name=\"robots\" content=\"index, follow, max-snippet:-1, max-image-preview:large, max-video-preview:-1\" \/>\n<link rel=\"canonical\" href=\"https:\/\/ducatigarden.co\/?product=cortacesped-dlm5303e\" \/>\n<meta property=\"og:locale\" content=\"es_ES\" \/>\n<meta property=\"og:type\" content=\"article\" \/>\n<meta property=\"og:title\" content=\"Cortac\u00e9sped DLM5303E - Ducati\" \/>\n<meta property=\"og:description\" content=\"Caracter\u00edsticas    Motor: 4 tiempos .  Cilindrada: 224 cc.  Potencia: 5,62 kw \/ 7,5 Hp Hp.  V\u00e1lvula de compresi\u00f3n: Autom\u00e1tica.  Bater\u00eda: 20V.  Arranque: El\u00e9ctrico.  Ancho de corte: 530 mm.  Altura de corte:\u00a025 - 75 mm.  Capacidad de combustible: 7,5 L.  Ajuste de altura: 7 Posiciones.  Volumen de cesta: 65  Dimensi\u00f3n de ruedas: 203-254 mm \/ 8&quot;-10&quot;L.  Dep\u00f3sito de gasolina: 1,2 L.  Dep\u00f3sito de aceite: 0,5 L.  Peso: 42 a 45 Kg.\" \/>\n<meta property=\"og:url\" content=\"https:\/\/ducatigarden.co\/?product=cortacesped-dlm5303e\" \/>\n<meta property=\"og:site_name\" content=\"Ducati\" \/>\n<meta property=\"article:modified_time\" content=\"2025-12-04T14:59:47+00:00\" \/>\n<meta property=\"og:image\" content=\"https:\/\/ducatigarden.co\/wp-content\/uploads\/2025\/12\/DLM5303E.jpg\" \/>\n\t<meta property=\"og:image:width\" content=\"400\" \/>\n\t<meta property=\"og:image:height\" content=\"400\" \/>\n\t<meta property=\"og:image:type\" content=\"image\/jpeg\" \/>\n<meta name=\"twitter:card\" content=\"summary_large_image\" \/>\n<meta name=\"twitter:label1\" content=\"Tiempo de lectura\" \/>\n\t<meta name=\"twitter:data1\" content=\"1 minuto\" \/>\n<script type=\"application\/ld+json\" class=\"yoast-schema-graph\">{\"@context\":\"https:\/\/schema.org\",\"@graph\":[{\"@type\":\"WebPage\",\"@id\":\"https:\/\/ducatigarden.co\/?product=cortacesped-dlm5303e\",\"url\":\"https:\/\/ducatigarden.co\/?product=cortacesped-dlm5303e\",\"name\":\"Cortac\u00e9sped DLM5303E - Ducati\",\"isPartOf\":{\"@id\":\"https:\/\/ducatigarden.co\/#website\"},\"primaryImageOfPage\":{\"@id\":\"https:\/\/ducatigarden.co\/?product=cortacesped-dlm5303e#primaryimage\"},\"image\":{\"@id\":\"https:\/\/ducatigarden.co\/?product=cortacesped-dlm5303e#primaryimage\"},\"thumbnailUrl\":\"https:\/\/ducatigarden.co\/wp-content\/uploads\/2025\/12\/DLM5303E.jpg\",\"datePublished\":\"2025-12-04T14:58:15+00:00\",\"dateModified\":\"2025-12-04T14:59:47+00:00\",\"breadcrumb\":{\"@id\":\"https:\/\/ducatigarden.co\/?product=cortacesped-dlm5303e#breadcrumb\"},\"inLanguage\":\"es-CO\",\"potentialAction\":[{\"@type\":\"ReadAction\",\"target\":[\"https:\/\/ducatigarden.co\/?product=cortacesped-dlm5303e\"]}]},{\"@type\":\"ImageObject\",\"inLanguage\":\"es-CO\",\"@id\":\"https:\/\/ducatigarden.co\/?product=cortacesped-dlm5303e#primaryimage\",\"url\":\"https:\/\/ducatigarden.co\/wp-content\/uploads\/2025\/12\/DLM5303E.jpg\",\"contentUrl\":\"https:\/\/ducatigarden.co\/wp-content\/uploads\/2025\/12\/DLM5303E.jpg\",\"width\":400,\"height\":400},{\"@type\":\"BreadcrumbList\",\"@id\":\"https:\/\/ducatigarden.co\/?product=cortacesped-dlm5303e#breadcrumb\",\"itemListElement\":[{\"@type\":\"ListItem\",\"position\":1,\"name\":\"Home\",\"item\":\"https:\/\/ducatigarden.co\/\"},{\"@type\":\"ListItem\",\"position\":2,\"name\":\"Shop\",\"item\":\"https:\/\/ducatigarden.co\/?page_id=24\"},{\"@type\":\"ListItem\",\"position\":3,\"name\":\"Cortac\u00e9sped DLM5303E\"}]},{\"@type\":\"WebSite\",\"@id\":\"https:\/\/ducatigarden.co\/#website\",\"url\":\"https:\/\/ducatigarden.co\/\",\"name\":\"Ducati\",\"description\":\"\",\"publisher\":{\"@id\":\"https:\/\/ducatigarden.co\/#organization\"},\"potentialAction\":[{\"@type\":\"SearchAction\",\"target\":{\"@type\":\"EntryPoint\",\"urlTemplate\":\"https:\/\/ducatigarden.co\/?s={search_term_string}\"},\"query-input\":{\"@type\":\"PropertyValueSpecification\",\"valueRequired\":true,\"valueName\":\"search_term_string\"}}],\"inLanguage\":\"es-CO\"},{\"@type\":\"Organization\",\"@id\":\"https:\/\/ducatigarden.co\/#organization\",\"name\":\"Ducati\",\"url\":\"https:\/\/ducatigarden.co\/\",\"logo\":{\"@type\":\"ImageObject\",\"inLanguage\":\"es-CO\",\"@id\":\"https:\/\/ducatigarden.co\/#\/schema\/logo\/image\/\",\"url\":\"https:\/\/ducatigarden.co\/wp-content\/uploads\/2025\/11\/logo-dt.png\",\"contentUrl\":\"https:\/\/ducatigarden.co\/wp-content\/uploads\/2025\/11\/logo-dt.png\",\"width\":599,\"height\":162,\"caption\":\"Ducati\"},\"image\":{\"@id\":\"https:\/\/ducatigarden.co\/#\/schema\/logo\/image\/\"}}]}<\/script>\n<!-- \/ Yoast SEO plugin. -->","yoast_head_json":{"title":"Cortac\u00e9sped DLM5303E - Ducati","robots":{"index":"index","follow":"follow","max-snippet":"max-snippet:-1","max-image-preview":"max-image-preview:large","max-video-preview":"max-video-preview:-1"},"canonical":"https:\/\/ducatigarden.co\/?product=cortacesped-dlm5303e","og_locale":"es_ES","og_type":"article","og_title":"Cortac\u00e9sped DLM5303E - Ducati","og_description":"Caracter\u00edsticas    Motor: 4 tiempos .  Cilindrada: 224 cc.  Potencia: 5,62 kw \/ 7,5 Hp Hp.  V\u00e1lvula de compresi\u00f3n: Autom\u00e1tica.  Bater\u00eda: 20V.  Arranque: El\u00e9ctrico.  Ancho de corte: 530 mm.  Altura de corte:\u00a025 - 75 mm.  Capacidad de combustible: 7,5 L.  Ajuste de altura: 7 Posiciones.  Volumen de cesta: 65  Dimensi\u00f3n de ruedas: 203-254 mm \/ 8\"-10\"L.  Dep\u00f3sito de gasolina: 1,2 L.  Dep\u00f3sito de aceite: 0,5 L.  Peso: 42 a 45 Kg.","og_url":"https:\/\/ducatigarden.co\/?product=cortacesped-dlm5303e","og_site_name":"Ducati","article_modified_time":"2025-12-04T14:59:47+00:00","og_image":[{"width":400,"height":400,"url":"https:\/\/ducatigarden.co\/wp-content\/uploads\/2025\/12\/DLM5303E.jpg","type":"image\/jpeg"}],"twitter_card":"summary_large_image","twitter_misc":{"Tiempo de lectura":"1 minuto"},"schema":{"@context":"https:\/\/schema.org","@graph":[{"@type":"WebPage","@id":"https:\/\/ducatigarden.co\/?product=cortacesped-dlm5303e","url":"https:\/\/ducatigarden.co\/?product=cortacesped-dlm5303e","name":"Cortac\u00e9sped DLM5303E - Ducati","isPartOf":{"@id":"https:\/\/ducatigarden.co\/#website"},"primaryImageOfPage":{"@id":"https:\/\/ducatigarden.co\/?product=cortacesped-dlm5303e#primaryimage"},"image":{"@id":"https:\/\/ducatigarden.co\/?product=cortacesped-dlm5303e#primaryimage"},"thumbnailUrl":"https:\/\/ducatigarden.co\/wp-content\/uploads\/2025\/12\/DLM5303E.jpg","datePublished":"2025-12-04T14:58:15+00:00","dateModified":"2025-12-04T14:59:47+00:00","breadcrumb":{"@id":"https:\/\/ducatigarden.co\/?product=cortacesped-dlm5303e#breadcrumb"},"inLanguage":"es-CO","potentialAction":[{"@type":"ReadAction","target":["https:\/\/ducatigarden.co\/?product=cortacesped-dlm5303e"]}]},{"@type":"ImageObject","inLanguage":"es-CO","@id":"https:\/\/ducatigarden.co\/?product=cortacesped-dlm5303e#primaryimage","url":"https:\/\/ducatigarden.co\/wp-content\/uploads\/2025\/12\/DLM5303E.jpg","contentUrl":"https:\/\/ducatigarden.co\/wp-content\/uploads\/2025\/12\/DLM5303E.jpg","width":400,"height":400},{"@type":"BreadcrumbList","@id":"https:\/\/ducatigarden.co\/?product=cortacesped-dlm5303e#breadcrumb","itemListElement":[{"@type":"ListItem","position":1,"name":"Home","item":"https:\/\/ducatigarden.co\/"},{"@type":"ListItem","position":2,"name":"Shop","item":"https:\/\/ducatigarden.co\/?page_id=24"},{"@type":"ListItem","position":3,"name":"Cortac\u00e9sped DLM5303E"}]},{"@type":"WebSite","@id":"https:\/\/ducatigarden.co\/#website","url":"https:\/\/ducatigarden.co\/","name":"Ducati","description":"","publisher":{"@id":"https:\/\/ducatigarden.co\/#organization"},"potentialAction":[{"@type":"SearchAction","target":{"@type":"EntryPoint","urlTemplate":"https:\/\/ducatigarden.co\/?s={search_term_string}"},"query-input":{"@type":"PropertyValueSpecification","valueRequired":true,"valueName":"search_term_string"}}],"inLanguage":"es-CO"},{"@type":"Organization","@id":"https:\/\/ducatigarden.co\/#organization","name":"Ducati","url":"https:\/\/ducatigarden.co\/","logo":{"@type":"ImageObject","inLanguage":"es-CO","@id":"https:\/\/ducatigarden.co\/#\/schema\/logo\/image\/","url":"https:\/\/ducatigarden.co\/wp-content\/uploads\/2025\/11\/logo-dt.png","contentUrl":"https:\/\/ducatigarden.co\/wp-content\/uploads\/2025\/11\/logo-dt.png","width":599,"height":162,"caption":"Ducati"},"image":{"@id":"https:\/\/ducatigarden.co\/#\/schema\/logo\/image\/"}}]}},"_links":{"self":[{"href":"https:\/\/ducatigarden.co\/index.php?rest_route=\/wp\/v2\/product\/453","targetHints":{"allow":["GET"]}}],"collection":[{"href":"https:\/\/ducatigarden.co\/index.php?rest_route=\/wp\/v2\/product"}],"about":[{"href":"https:\/\/ducatigarden.co\/index.php?rest_route=\/wp\/v2\/types\/product"}],"replies":[{"embeddable":true,"href":"https:\/\/ducatigarden.co\/index.php?rest_route=%2Fwp%2Fv2%2Fcomments&post=453"}],"wp:featuredmedia":[{"embeddable":true,"href":"https:\/\/ducatigarden.co\/index.php?rest_route=\/wp\/v2\/media\/454"}],"wp:attachment":[{"href":"https:\/\/ducatigarden.co\/index.php?rest_route=%2Fwp%2Fv2%2Fmedia&parent=453"}],"wp:term":[{"taxonomy":"product_brand","embeddable":true,"href":"https:\/\/ducatigarden.co\/index.php?rest_route=%2Fwp%2Fv2%2Fproduct_brand&post=453"},{"taxonomy":"product_cat","embeddable":true,"href":"https:\/\/ducatigarden.co\/index.php?rest_route=%2Fwp%2Fv2%2Fproduct_cat&post=453"},{"taxonomy":"product_tag","embeddable":true,"href":"https:\/\/ducatigarden.co\/index.php?rest_route=%2Fwp%2Fv2%2Fproduct_tag&post=453"}],"curies":[{"name":"wp","href":"https:\/\/api.w.org\/{rel}","templated":true}]}}