{"id":97,"date":"2025-11-11T15:56:59","date_gmt":"2025-11-11T15:56:59","guid":{"rendered":"http:\/\/wordpress1.imm.net\/?page_id=97"},"modified":"2025-12-12T15:41:57","modified_gmt":"2025-12-12T15:41:57","slug":"nosotros","status":"publish","type":"page","link":"https:\/\/ducatigarden.co\/?page_id=97","title":{"rendered":"Nosotros"},"content":{"rendered":"\t\t<div data-elementor-type=\"wp-page\" data-elementor-id=\"97\" class=\"elementor elementor-97\" data-elementor-settings=\"{&quot;ha_cmc_init_switcher&quot;:&quot;no&quot;}\" data-elementor-post-type=\"page\">\n\t\t\t\t<div class=\"elementor-element elementor-element-befac8a e-con-full e-flex e-con e-parent\" data-id=\"befac8a\" data-element_type=\"container\" data-settings=\"{&quot;background_background&quot;:&quot;classic&quot;,&quot;_ha_eqh_enable&quot;:false}\">\n\t\t\t\t<div class=\"elementor-element elementor-element-2105231 elementor-widget elementor-widget-heading\" data-id=\"2105231\" data-element_type=\"widget\" data-widget_type=\"heading.default\">\n\t\t\t\t<div class=\"elementor-widget-container\">\n\t\t\t\t\t<h2 class=\"elementor-heading-title elementor-size-default\">EL VALOR DE LA MARCA<\/h2>\t\t\t\t<\/div>\n\t\t\t\t<\/div>\n\t\t\t\t<\/div>\n\t\t<div class=\"elementor-element elementor-element-a451c5c e-con-full e-flex e-con e-parent\" data-id=\"a451c5c\" data-element_type=\"container\" data-settings=\"{&quot;background_background&quot;:&quot;classic&quot;,&quot;_ha_eqh_enable&quot;:false}\">\n\t\t<div class=\"elementor-element elementor-element-0d69056 e-grid e-con-boxed e-con e-child\" data-id=\"0d69056\" data-element_type=\"container\" data-settings=\"{&quot;_ha_eqh_enable&quot;:false}\">\n\t\t\t\t\t<div class=\"e-con-inner\">\n\t\t\t\t<div class=\"elementor-element elementor-element-093e5fc elementor-widget elementor-widget-text-editor\" data-id=\"093e5fc\" data-element_type=\"widget\" data-widget_type=\"text-editor.default\">\n\t\t\t\t<div class=\"elementor-widget-container\">\n\t\t\t\t\t\t\t\t\t<p><br><\/p><p><br><\/p><p>Ducati se presenta en el sector de la jardiner\u00eda con el poder y los valores de la marca italiana avalada por sus 90 a\u00f1os de historia.Cuenta con una amplia e innovadora gama de productos de jardiner\u00eda desarrollados con las \u00faltimas tecnolog\u00edas, siendo referente en sostenibilidad y respeto por el medio ambiente. La marca, fiel a su tradici\u00f3n, apuesta por satisfacer a los clientes con el cuidado en sus productos, siendo \u00fanicos en el mercado por su&nbsp; dise\u00f1o, fuerza y potencia.<\/p>\t\t\t\t\t\t\t\t<\/div>\n\t\t\t\t<\/div>\n\t\t\t\t<div class=\"elementor-element elementor-element-c98fcc8 elementor-widget elementor-widget-image\" data-id=\"c98fcc8\" data-element_type=\"widget\" data-widget_type=\"image.default\">\n\t\t\t\t<div class=\"elementor-widget-container\">\n\t\t\t\t\t\t\t\t\t\t\t\t\t\t\t<img fetchpriority=\"high\" decoding=\"async\" width=\"450\" height=\"550\" src=\"https:\/\/ducatigarden.co\/wp-content\/uploads\/2025\/12\/equipos_agrcolas_y_jardineria_ducati_garden_colombia_valor_marca.jpg\" class=\"attachment-large size-large wp-image-349\" alt=\"\" srcset=\"https:\/\/ducatigarden.co\/wp-content\/uploads\/2025\/12\/equipos_agrcolas_y_jardineria_ducati_garden_colombia_valor_marca.jpg 450w, https:\/\/ducatigarden.co\/wp-content\/uploads\/2025\/12\/equipos_agrcolas_y_jardineria_ducati_garden_colombia_valor_marca-245x300.jpg 245w\" sizes=\"(max-width: 450px) 100vw, 450px\" \/>\t\t\t\t\t\t\t\t\t\t\t\t\t\t\t<\/div>\n\t\t\t\t<\/div>\n\t\t\t\t\t<\/div>\n\t\t\t\t<\/div>\n\t\t\t\t<\/div>\n\t\t<div class=\"elementor-element elementor-element-21b0f81 e-con-full e-flex e-con e-parent\" data-id=\"21b0f81\" data-element_type=\"container\" data-settings=\"{&quot;background_background&quot;:&quot;classic&quot;,&quot;_ha_eqh_enable&quot;:false}\">\n\t\t<div class=\"elementor-element elementor-element-c4b48d8 e-con-full e-flex e-con e-child\" data-id=\"c4b48d8\" data-element_type=\"container\" data-settings=\"{&quot;_ha_eqh_enable&quot;:false}\">\n\t\t\t\t<div class=\"elementor-element elementor-element-796430a elementor-widget__width-initial elementor-widget elementor-widget-image\" data-id=\"796430a\" data-element_type=\"widget\" data-widget_type=\"image.default\">\n\t\t\t\t<div class=\"elementor-widget-container\">\n\t\t\t\t\t\t\t\t\t\t\t\t\t\t\t<img decoding=\"async\" width=\"1360\" height=\"684\" src=\"https:\/\/ducatigarden.co\/wp-content\/uploads\/2025\/12\/dtl-7000-huert.jpg\" class=\"attachment-full size-full wp-image-353\" alt=\"\" srcset=\"https:\/\/ducatigarden.co\/wp-content\/uploads\/2025\/12\/dtl-7000-huert.jpg 1360w, https:\/\/ducatigarden.co\/wp-content\/uploads\/2025\/12\/dtl-7000-huert-300x151.jpg 300w, https:\/\/ducatigarden.co\/wp-content\/uploads\/2025\/12\/dtl-7000-huert-1024x515.jpg 1024w, https:\/\/ducatigarden.co\/wp-content\/uploads\/2025\/12\/dtl-7000-huert-768x386.jpg 768w, https:\/\/ducatigarden.co\/wp-content\/uploads\/2025\/12\/dtl-7000-huert-600x302.jpg 600w\" sizes=\"(max-width: 1360px) 100vw, 1360px\" \/>\t\t\t\t\t\t\t\t\t\t\t\t\t\t\t<\/div>\n\t\t\t\t<\/div>\n\t\t\t\t<\/div>\n\t\t\t\t<\/div>\n\t\t\t\t<\/div>\n\t\t","protected":false},"excerpt":{"rendered":"<p>EL VALOR DE LA MARCA Ducati se presenta en el sector de la jardiner\u00eda con el poder y los valores de la marca italiana avalada por sus 90 a\u00f1os de historia.Cuenta con una amplia e innovadora gama de productos de jardiner\u00eda desarrollados con las \u00faltimas tecnolog\u00edas, siendo referente en sostenibilidad y respeto por el medio&#8230;<\/p>\n","protected":false},"author":2,"featured_media":0,"parent":0,"menu_order":0,"comment_status":"closed","ping_status":"closed","template":"","meta":{"_eb_attr":"","_kad_post_transparent":"","_kad_post_title":"hide","_kad_post_layout":"fullwidth","_kad_post_sidebar_id":"","_kad_post_content_style":"unboxed","_kad_post_vertical_padding":"hide","_kad_post_feature":"hide","_kad_post_feature_position":"","_kad_post_header":false,"_kad_post_footer":false,"_kad_post_classname":"","footnotes":""},"class_list":["post-97","page","type-page","status-publish","hentry"],"yoast_head":"<!-- This site is optimized with the Yoast SEO plugin v26.3 - https:\/\/yoast.com\/wordpress\/plugins\/seo\/ -->\n<title>Nosotros - Ducati<\/title>\n<meta name=\"robots\" content=\"index, follow, max-snippet:-1, max-image-preview:large, max-video-preview:-1\" \/>\n<link rel=\"canonical\" href=\"https:\/\/ducatigarden.co\/?page_id=97\" \/>\n<meta property=\"og:locale\" content=\"es_ES\" \/>\n<meta property=\"og:type\" content=\"article\" \/>\n<meta property=\"og:title\" content=\"Nosotros - Ducati\" \/>\n<meta property=\"og:description\" content=\"EL VALOR DE LA MARCA Ducati se presenta en el sector de la jardiner\u00eda con el poder y los valores de la marca italiana avalada por sus 90 a\u00f1os de historia.Cuenta con una amplia e innovadora gama de productos de jardiner\u00eda desarrollados con las \u00faltimas tecnolog\u00edas, siendo referente en sostenibilidad y respeto por el medio...\" \/>\n<meta property=\"og:url\" content=\"https:\/\/ducatigarden.co\/?page_id=97\" \/>\n<meta property=\"og:site_name\" content=\"Ducati\" \/>\n<meta property=\"article:modified_time\" content=\"2025-12-12T15:41:57+00:00\" \/>\n<meta property=\"og:image\" content=\"https:\/\/ducatigarden.co\/wp-content\/uploads\/2025\/12\/equipos_agrcolas_y_jardineria_ducati_garden_colombia_valor_marca.jpg\" \/>\n\t<meta property=\"og:image:width\" content=\"450\" \/>\n\t<meta property=\"og:image:height\" content=\"550\" \/>\n\t<meta property=\"og:image:type\" content=\"image\/jpeg\" \/>\n<meta name=\"twitter:card\" content=\"summary_large_image\" \/>\n<meta name=\"twitter:label1\" content=\"Tiempo de lectura\" \/>\n\t<meta name=\"twitter:data1\" content=\"1 minuto\" \/>\n<script type=\"application\/ld+json\" class=\"yoast-schema-graph\">{\"@context\":\"https:\/\/schema.org\",\"@graph\":[{\"@type\":\"WebPage\",\"@id\":\"https:\/\/ducatigarden.co\/?page_id=97\",\"url\":\"https:\/\/ducatigarden.co\/?page_id=97\",\"name\":\"Nosotros - Ducati\",\"isPartOf\":{\"@id\":\"https:\/\/ducatigarden.co\/#website\"},\"primaryImageOfPage\":{\"@id\":\"https:\/\/ducatigarden.co\/?page_id=97#primaryimage\"},\"image\":{\"@id\":\"https:\/\/ducatigarden.co\/?page_id=97#primaryimage\"},\"thumbnailUrl\":\"https:\/\/ducatigarden.co\/wp-content\/uploads\/2025\/12\/equipos_agrcolas_y_jardineria_ducati_garden_colombia_valor_marca.jpg\",\"datePublished\":\"2025-11-11T15:56:59+00:00\",\"dateModified\":\"2025-12-12T15:41:57+00:00\",\"breadcrumb\":{\"@id\":\"https:\/\/ducatigarden.co\/?page_id=97#breadcrumb\"},\"inLanguage\":\"es-CO\",\"potentialAction\":[{\"@type\":\"ReadAction\",\"target\":[\"https:\/\/ducatigarden.co\/?page_id=97\"]}]},{\"@type\":\"ImageObject\",\"inLanguage\":\"es-CO\",\"@id\":\"https:\/\/ducatigarden.co\/?page_id=97#primaryimage\",\"url\":\"https:\/\/ducatigarden.co\/wp-content\/uploads\/2025\/12\/equipos_agrcolas_y_jardineria_ducati_garden_colombia_valor_marca.jpg\",\"contentUrl\":\"https:\/\/ducatigarden.co\/wp-content\/uploads\/2025\/12\/equipos_agrcolas_y_jardineria_ducati_garden_colombia_valor_marca.jpg\",\"width\":450,\"height\":550},{\"@type\":\"BreadcrumbList\",\"@id\":\"https:\/\/ducatigarden.co\/?page_id=97#breadcrumb\",\"itemListElement\":[{\"@type\":\"ListItem\",\"position\":1,\"name\":\"Home\",\"item\":\"https:\/\/ducatigarden.co\/\"},{\"@type\":\"ListItem\",\"position\":2,\"name\":\"Nosotros\"}]},{\"@type\":\"WebSite\",\"@id\":\"https:\/\/ducatigarden.co\/#website\",\"url\":\"https:\/\/ducatigarden.co\/\",\"name\":\"Ducati\",\"description\":\"\",\"publisher\":{\"@id\":\"https:\/\/ducatigarden.co\/#organization\"},\"potentialAction\":[{\"@type\":\"SearchAction\",\"target\":{\"@type\":\"EntryPoint\",\"urlTemplate\":\"https:\/\/ducatigarden.co\/?s={search_term_string}\"},\"query-input\":{\"@type\":\"PropertyValueSpecification\",\"valueRequired\":true,\"valueName\":\"search_term_string\"}}],\"inLanguage\":\"es-CO\"},{\"@type\":\"Organization\",\"@id\":\"https:\/\/ducatigarden.co\/#organization\",\"name\":\"Ducati\",\"url\":\"https:\/\/ducatigarden.co\/\",\"logo\":{\"@type\":\"ImageObject\",\"inLanguage\":\"es-CO\",\"@id\":\"https:\/\/ducatigarden.co\/#\/schema\/logo\/image\/\",\"url\":\"https:\/\/ducatigarden.co\/wp-content\/uploads\/2025\/11\/logo-dt.png\",\"contentUrl\":\"https:\/\/ducatigarden.co\/wp-content\/uploads\/2025\/11\/logo-dt.png\",\"width\":599,\"height\":162,\"caption\":\"Ducati\"},\"image\":{\"@id\":\"https:\/\/ducatigarden.co\/#\/schema\/logo\/image\/\"}}]}<\/script>\n<!-- \/ Yoast SEO plugin. -->","yoast_head_json":{"title":"Nosotros - Ducati","robots":{"index":"index","follow":"follow","max-snippet":"max-snippet:-1","max-image-preview":"max-image-preview:large","max-video-preview":"max-video-preview:-1"},"canonical":"https:\/\/ducatigarden.co\/?page_id=97","og_locale":"es_ES","og_type":"article","og_title":"Nosotros - Ducati","og_description":"EL VALOR DE LA MARCA Ducati se presenta en el sector de la jardiner\u00eda con el poder y los valores de la marca italiana avalada por sus 90 a\u00f1os de historia.Cuenta con una amplia e innovadora gama de productos de jardiner\u00eda desarrollados con las \u00faltimas tecnolog\u00edas, siendo referente en sostenibilidad y respeto por el medio...","og_url":"https:\/\/ducatigarden.co\/?page_id=97","og_site_name":"Ducati","article_modified_time":"2025-12-12T15:41:57+00:00","og_image":[{"width":450,"height":550,"url":"https:\/\/ducatigarden.co\/wp-content\/uploads\/2025\/12\/equipos_agrcolas_y_jardineria_ducati_garden_colombia_valor_marca.jpg","type":"image\/jpeg"}],"twitter_card":"summary_large_image","twitter_misc":{"Tiempo de lectura":"1 minuto"},"schema":{"@context":"https:\/\/schema.org","@graph":[{"@type":"WebPage","@id":"https:\/\/ducatigarden.co\/?page_id=97","url":"https:\/\/ducatigarden.co\/?page_id=97","name":"Nosotros - Ducati","isPartOf":{"@id":"https:\/\/ducatigarden.co\/#website"},"primaryImageOfPage":{"@id":"https:\/\/ducatigarden.co\/?page_id=97#primaryimage"},"image":{"@id":"https:\/\/ducatigarden.co\/?page_id=97#primaryimage"},"thumbnailUrl":"https:\/\/ducatigarden.co\/wp-content\/uploads\/2025\/12\/equipos_agrcolas_y_jardineria_ducati_garden_colombia_valor_marca.jpg","datePublished":"2025-11-11T15:56:59+00:00","dateModified":"2025-12-12T15:41:57+00:00","breadcrumb":{"@id":"https:\/\/ducatigarden.co\/?page_id=97#breadcrumb"},"inLanguage":"es-CO","potentialAction":[{"@type":"ReadAction","target":["https:\/\/ducatigarden.co\/?page_id=97"]}]},{"@type":"ImageObject","inLanguage":"es-CO","@id":"https:\/\/ducatigarden.co\/?page_id=97#primaryimage","url":"https:\/\/ducatigarden.co\/wp-content\/uploads\/2025\/12\/equipos_agrcolas_y_jardineria_ducati_garden_colombia_valor_marca.jpg","contentUrl":"https:\/\/ducatigarden.co\/wp-content\/uploads\/2025\/12\/equipos_agrcolas_y_jardineria_ducati_garden_colombia_valor_marca.jpg","width":450,"height":550},{"@type":"BreadcrumbList","@id":"https:\/\/ducatigarden.co\/?page_id=97#breadcrumb","itemListElement":[{"@type":"ListItem","position":1,"name":"Home","item":"https:\/\/ducatigarden.co\/"},{"@type":"ListItem","position":2,"name":"Nosotros"}]},{"@type":"WebSite","@id":"https:\/\/ducatigarden.co\/#website","url":"https:\/\/ducatigarden.co\/","name":"Ducati","description":"","publisher":{"@id":"https:\/\/ducatigarden.co\/#organization"},"potentialAction":[{"@type":"SearchAction","target":{"@type":"EntryPoint","urlTemplate":"https:\/\/ducatigarden.co\/?s={search_term_string}"},"query-input":{"@type":"PropertyValueSpecification","valueRequired":true,"valueName":"search_term_string"}}],"inLanguage":"es-CO"},{"@type":"Organization","@id":"https:\/\/ducatigarden.co\/#organization","name":"Ducati","url":"https:\/\/ducatigarden.co\/","logo":{"@type":"ImageObject","inLanguage":"es-CO","@id":"https:\/\/ducatigarden.co\/#\/schema\/logo\/image\/","url":"https:\/\/ducatigarden.co\/wp-content\/uploads\/2025\/11\/logo-dt.png","contentUrl":"https:\/\/ducatigarden.co\/wp-content\/uploads\/2025\/11\/logo-dt.png","width":599,"height":162,"caption":"Ducati"},"image":{"@id":"https:\/\/ducatigarden.co\/#\/schema\/logo\/image\/"}}]}},"_links":{"self":[{"href":"https:\/\/ducatigarden.co\/index.php?rest_route=\/wp\/v2\/pages\/97","targetHints":{"allow":["GET"]}}],"collection":[{"href":"https:\/\/ducatigarden.co\/index.php?rest_route=\/wp\/v2\/pages"}],"about":[{"href":"https:\/\/ducatigarden.co\/index.php?rest_route=\/wp\/v2\/types\/page"}],"author":[{"embeddable":true,"href":"https:\/\/ducatigarden.co\/index.php?rest_route=\/wp\/v2\/users\/2"}],"replies":[{"embeddable":true,"href":"https:\/\/ducatigarden.co\/index.php?rest_route=%2Fwp%2Fv2%2Fcomments&post=97"}],"version-history":[{"count":43,"href":"https:\/\/ducatigarden.co\/index.php?rest_route=\/wp\/v2\/pages\/97\/revisions"}],"predecessor-version":[{"id":1105,"href":"https:\/\/ducatigarden.co\/index.php?rest_route=\/wp\/v2\/pages\/97\/revisions\/1105"}],"wp:attachment":[{"href":"https:\/\/ducatigarden.co\/index.php?rest_route=%2Fwp%2Fv2%2Fmedia&parent=97"}],"curies":[{"name":"wp","href":"https:\/\/api.w.org\/{rel}","templated":true}]}}